{"id":518,"date":"2023-10-16T12:21:41","date_gmt":"2023-10-16T15:21:41","guid":{"rendered":"https:\/\/cromag.com.br\/?page_id=518"},"modified":"2023-10-16T16:22:46","modified_gmt":"2023-10-16T19:22:46","slug":"contadora-de-tele-sena","status":"publish","type":"page","link":"https:\/\/cromag.com.br\/?page_id=518","title":{"rendered":"CONTADORA DE TELE SENA"},"content":{"rendered":"<div id=\"pl-518\"  class=\"panel-layout\" ><div id=\"pg-518-0\"  class=\"panel-grid panel-no-style\" ><div id=\"pgc-518-0-0\"  class=\"panel-grid-cell\" ><div id=\"panel-518-0-0-0\" class=\"so-panel widget widget_sow-editor panel-first-child\" data-index=\"0\" ><div class=\"so-widget-sow-editor so-widget-sow-editor-base\">\n<div class=\"siteorigin-widget-tinymce textwidget\">\n\t<span class=\"\" style=\"display:block;clear:both;height: 0px;padding-top: 30px;border-top-width:0px;border-bottom-width:0px;\"><\/span>\n<\/div>\n<\/div><\/div><div id=\"panel-518-0-0-1\" class=\"so-panel widget widget_sow-headline panel-last-child\" data-index=\"1\" ><div class=\"so-widget-sow-headline so-widget-sow-headline-default-a16411092115-518\"><div class=\"sow-headline-container \">\n\t<h1 class='sow-headline'>CONTADORA DE TELE SENA<\/h1>\t\t\t\t\t<div class=\"decoration\">\n\t\t\t\t\t\t<div class=\"decoration-inside\"><\/div>\n\t\t\t\t\t<\/div>\n\t\t\t\t\t<\/div><\/div><\/div><\/div><\/div><div id=\"pg-518-1\"  class=\"panel-grid panel-no-style\" ><div id=\"pgc-518-1-0\"  class=\"panel-grid-cell\" ><div id=\"panel-518-1-0-0\" class=\"so-panel widget widget_sow-editor panel-first-child\" data-index=\"2\" ><div class=\"so-widget-sow-editor so-widget-sow-editor-base\"><h3 class=\"widget-title\">Caracter\u00edsticas t\u00e9cnicas<\/h3>\n<div class=\"siteorigin-widget-tinymce textwidget\">\n\t<div class=\"siteorigin-widget-tinymce textwidget\">\n<div class=\"siteorigin-widget-tinymce textwidget\">\n<div class=\"siteorigin-widget-tinymce textwidget\">\n<div class=\"siteorigin-widget-tinymce textwidget\">\n<p>Conta 375 t\u00edtulos por minuto;<br \/>\nAlimenta\u00e7\u00e3o: Bi - Volt manual<br \/>\nPeso: 7 kg;<br \/>\nFabricada em moldes padronizados, gerando confiabilidade na produ\u00e7\u00e3o e na repeti\u00e7\u00e3o pe\u00e7as, com reposi\u00e7\u00e3o em at\u00e9 em 48 horas. Ajuste manual de espessura do t\u00edtulo sem a necessidade de abertura do equipamento. Conta t\u00edtulos de diferentes espessuras atrav\u00e9s da calibra\u00e7\u00e3o autom\u00e1tica.<\/p>\n<\/div>\n<\/div>\n<\/div>\n<\/div>\n<\/div>\n<\/div><\/div><div id=\"panel-518-1-0-1\" class=\"so-panel widget widget_sow-headline\" data-index=\"3\" ><div class=\"so-widget-sow-headline so-widget-sow-headline-default-60fe59926b38-518\"><div class=\"sow-headline-container \">\n\t\t\t\t\t\t<div class=\"decoration\">\n\t\t\t\t\t\t<div class=\"decoration-inside\"><\/div>\n\t\t\t\t\t<\/div>\n\t\t\t\t\t<h3 class='sow-sub-headline'>Consulte o Valor de Loca\u00e7\u00e3o ou Venda<\/h3><\/div><\/div><\/div><div id=\"panel-518-1-0-2\" class=\"so-panel widget widget_sow-button panel-last-child\" data-index=\"4\" ><div class=\"so-widget-sow-button so-widget-sow-button-atom-26d68955a680-518\"><div class=\"ow-button-base ow-button-align-left\">\n\t<a href=\"https:\/\/cromag.com.br\/?page_id=130\" class=\"ow-icon-placement-left ow-button-hover\" \t\t>\n\t\t<span>\n\t\t\t\n\t\t\tFale Conosco\t\t<\/span>\n\t<\/a>\n<\/div>\n<\/div><\/div><\/div><div id=\"pgc-518-1-1\"  class=\"panel-grid-cell\" ><div id=\"panel-518-1-1-0\" class=\"so-panel widget widget_media_video panel-first-child panel-last-child\" data-index=\"5\" ><div style=\"width:100%;\" class=\"wp-video\"><!--[if lt IE 9]><script>document.createElement('video');<\/script><![endif]-->\n<video class=\"wp-video-shortcode\" id=\"video-518-1\" preload=\"metadata\" controls=\"controls\"><source type=\"video\/youtube\" src=\"https:\/\/youtu.be\/4lDtybW2DcQ?_=1\" \/><a href=\"https:\/\/youtu.be\/4lDtybW2DcQ\">https:\/\/youtu.be\/4lDtybW2DcQ<\/a><\/video><\/div><\/div><\/div><\/div><div id=\"pg-518-2\"  class=\"panel-grid panel-no-style\" ><div id=\"pgc-518-2-0\"  class=\"panel-grid-cell\" ><div id=\"panel-518-2-0-0\" class=\"so-panel widget widget_sow-image panel-first-child panel-last-child\" data-index=\"6\" ><div class=\"so-widget-sow-image so-widget-sow-image-default-6b88c04c1f9b-518\">\n\t<h3 class=\"widget-title\"><\/h3>\n<div class=\"sow-image-container\">\n\t<img src=\"https:\/\/cromag.com.br\/wp-content\/uploads\/2023\/10\/Tele_sena_000.png\" width=\"450\" height=\"374\" srcset=\"https:\/\/cromag.com.br\/wp-content\/uploads\/2023\/10\/Tele_sena_000.png 450w, https:\/\/cromag.com.br\/wp-content\/uploads\/2023\/10\/Tele_sena_000-300x249.png 300w, https:\/\/cromag.com.br\/wp-content\/uploads\/2023\/10\/Tele_sena_000-108x90.png 108w\" sizes=\"(max-width: 450px) 100vw, 450px\" alt=\"\" loading=\"lazy\" \t\tclass=\"so-widget-image\"\/>\n<\/div>\n\n<\/div><\/div><\/div><div id=\"pgc-518-2-1\"  class=\"panel-grid-cell panel-grid-cell-mobile-last\" ><div id=\"panel-518-2-1-0\" class=\"so-panel widget widget_sow-image panel-first-child panel-last-child\" data-index=\"7\" ><div class=\"so-widget-sow-image so-widget-sow-image-default-6b88c04c1f9b-518\">\n\t<h3 class=\"widget-title\"><\/h3>\n<div class=\"sow-image-container\">\n\t<img src=\"https:\/\/cromag.com.br\/wp-content\/uploads\/2023\/10\/Tele_sena_001.png\" width=\"450\" height=\"374\" srcset=\"https:\/\/cromag.com.br\/wp-content\/uploads\/2023\/10\/Tele_sena_001.png 450w, https:\/\/cromag.com.br\/wp-content\/uploads\/2023\/10\/Tele_sena_001-300x249.png 300w, https:\/\/cromag.com.br\/wp-content\/uploads\/2023\/10\/Tele_sena_001-108x90.png 108w\" sizes=\"(max-width: 450px) 100vw, 450px\" alt=\"\" loading=\"lazy\" \t\tclass=\"so-widget-image\"\/>\n<\/div>\n\n<\/div><\/div><\/div><div id=\"pgc-518-2-2\"  class=\"panel-grid-cell panel-grid-cell-empty\" ><\/div><\/div><\/div>","protected":false},"excerpt":{"rendered":"<p>Conta 375 t\u00edtulos por minuto; Alimenta\u00e7\u00e3o: Bi &#8211; Volt manual Peso: 7 kg; Fabricada em moldes padronizados, gerando confiabilidade na produ\u00e7\u00e3o e na repeti\u00e7\u00e3o pe\u00e7as, com reposi\u00e7\u00e3o em at\u00e9 em 48 horas. Ajuste manual de espessura do t\u00edtulo sem a necessidade de abertura do equipamento. Conta t\u00edtulos de diferentes espessuras atrav\u00e9s da calibra\u00e7\u00e3o autom\u00e1tica.<\/p>\n","protected":false},"author":1,"featured_media":0,"parent":0,"menu_order":0,"comment_status":"closed","ping_status":"closed","template":"","meta":[],"_links":{"self":[{"href":"https:\/\/cromag.com.br\/index.php?rest_route=\/wp\/v2\/pages\/518"}],"collection":[{"href":"https:\/\/cromag.com.br\/index.php?rest_route=\/wp\/v2\/pages"}],"about":[{"href":"https:\/\/cromag.com.br\/index.php?rest_route=\/wp\/v2\/types\/page"}],"author":[{"embeddable":true,"href":"https:\/\/cromag.com.br\/index.php?rest_route=\/wp\/v2\/users\/1"}],"replies":[{"embeddable":true,"href":"https:\/\/cromag.com.br\/index.php?rest_route=%2Fwp%2Fv2%2Fcomments&post=518"}],"version-history":[{"count":14,"href":"https:\/\/cromag.com.br\/index.php?rest_route=\/wp\/v2\/pages\/518\/revisions"}],"predecessor-version":[{"id":537,"href":"https:\/\/cromag.com.br\/index.php?rest_route=\/wp\/v2\/pages\/518\/revisions\/537"}],"wp:attachment":[{"href":"https:\/\/cromag.com.br\/index.php?rest_route=%2Fwp%2Fv2%2Fmedia&parent=518"}],"curies":[{"name":"wp","href":"https:\/\/api.w.org\/{rel}","templated":true}]}}