{"id":503,"date":"2023-10-16T11:31:59","date_gmt":"2023-10-16T14:31:59","guid":{"rendered":"https:\/\/cromag.com.br\/?page_id=503"},"modified":"2023-10-25T12:04:16","modified_gmt":"2023-10-25T15:04:16","slug":"contadoras-de-certificado-de-contribuicao-2","status":"publish","type":"page","link":"https:\/\/cromag.com.br\/?page_id=503","title":{"rendered":"CONTADORAS COM LEITOR C\u00d3DIGO DE BARRAS"},"content":{"rendered":"<div id=\"pl-503\"  class=\"panel-layout\" ><div id=\"pg-503-0\"  class=\"panel-grid panel-no-style\" ><div id=\"pgc-503-0-0\"  class=\"panel-grid-cell\" ><div id=\"panel-503-0-0-0\" class=\"so-panel widget widget_sow-editor panel-first-child\" data-index=\"0\" ><div class=\"so-widget-sow-editor so-widget-sow-editor-base\">\n<div class=\"siteorigin-widget-tinymce textwidget\">\n\t<span class=\"\" style=\"display:block;clear:both;height: 0px;padding-top: 30px;border-top-width:0px;border-bottom-width:0px;\"><\/span>\n<\/div>\n<\/div><\/div><div id=\"panel-503-0-0-1\" class=\"so-panel widget widget_sow-headline panel-last-child\" data-index=\"1\" ><div class=\"so-widget-sow-headline so-widget-sow-headline-default-a16411092115-503\"><div class=\"sow-headline-container \">\n\t<h1 class='sow-headline'>CONTADORAS COM LEITOR C\u00d3DIGO DE BARRAS<\/h1>\t\t\t\t\t<div class=\"decoration\">\n\t\t\t\t\t\t<div class=\"decoration-inside\"><\/div>\n\t\t\t\t\t<\/div>\n\t\t\t\t\t<\/div><\/div><\/div><\/div><\/div><div id=\"pg-503-1\"  class=\"panel-grid panel-no-style\" ><div id=\"pgc-503-1-0\"  class=\"panel-grid-cell\" ><div id=\"panel-503-1-0-0\" class=\"so-panel widget widget_sow-image panel-first-child\" data-index=\"2\" ><div class=\"so-widget-sow-image so-widget-sow-image-default-6b88c04c1f9b-503\">\n\t<h3 class=\"widget-title\">Contadora e Leitora C\u00f3digo de Barras<\/h3>\n<div class=\"sow-image-container\">\n\t<img src=\"https:\/\/cromag.com.br\/wp-content\/uploads\/2021\/06\/Cod.-barras-titolo_cap1.png\" width=\"450\" height=\"374\" srcset=\"https:\/\/cromag.com.br\/wp-content\/uploads\/2021\/06\/Cod.-barras-titolo_cap1.png 450w, https:\/\/cromag.com.br\/wp-content\/uploads\/2021\/06\/Cod.-barras-titolo_cap1-300x249.png 300w, https:\/\/cromag.com.br\/wp-content\/uploads\/2021\/06\/Cod.-barras-titolo_cap1-108x90.png 108w\" sizes=\"(max-width: 450px) 100vw, 450px\" title=\"Contadora e Leitora C\u00f3digo de Barras\" alt=\"\" loading=\"lazy\" \t\tclass=\"so-widget-image\"\/>\n<\/div>\n\n<\/div><\/div><div id=\"panel-503-1-0-1\" class=\"so-panel widget widget_sow-button panel-last-child\" data-index=\"3\" ><div class=\"so-widget-sow-button so-widget-sow-button-atom-b4f6b6b19f96-503\"><div class=\"ow-button-base ow-button-align-center\">\n\t<a href=\"https:\/\/cromag.com.br\/?page_id=179\" class=\"ow-icon-placement-left ow-button-hover\" \t\t>\n\t\t<span>\n\t\t\t\n\t\t\tSaiba Mais...\t\t<\/span>\n\t<\/a>\n<\/div>\n<\/div><\/div><\/div><div id=\"pgc-503-1-1\"  class=\"panel-grid-cell\" ><div id=\"panel-503-1-1-0\" class=\"so-panel widget widget_sow-image panel-first-child\" data-index=\"4\" ><div class=\"so-widget-sow-image so-widget-sow-image-default-6b88c04c1f9b-503\">\n\t<h3 class=\"widget-title\">Bilhete Premiado<\/h3>\n<div class=\"sow-image-container\">\n\t<img src=\"https:\/\/cromag.com.br\/wp-content\/uploads\/2021\/06\/CCP_03-1.png\" width=\"450\" height=\"374\" srcset=\"https:\/\/cromag.com.br\/wp-content\/uploads\/2021\/06\/CCP_03-1.png 450w, https:\/\/cromag.com.br\/wp-content\/uploads\/2021\/06\/CCP_03-1-300x249.png 300w, https:\/\/cromag.com.br\/wp-content\/uploads\/2021\/06\/CCP_03-1-108x90.png 108w\" sizes=\"(max-width: 450px) 100vw, 450px\" title=\"Bilhete Premiado\" alt=\"\" loading=\"lazy\" \t\tclass=\"so-widget-image\"\/>\n<\/div>\n\n<\/div><\/div><div id=\"panel-503-1-1-1\" class=\"so-panel widget widget_sow-button panel-last-child\" data-index=\"5\" ><div class=\"so-widget-sow-button so-widget-sow-button-atom-b4f6b6b19f96-503\"><div class=\"ow-button-base ow-button-align-center\">\n\t<a href=\"https:\/\/cromag.com.br\/?page_id=138\" class=\"ow-icon-placement-left ow-button-hover\" \t\t>\n\t\t<span>\n\t\t\t\n\t\t\tSaiba Mais...\t\t<\/span>\n\t<\/a>\n<\/div>\n<\/div><\/div><\/div><div id=\"pgc-503-1-2\"  class=\"panel-grid-cell\" ><div id=\"panel-503-1-2-0\" class=\"so-panel widget widget_sow-image panel-first-child\" data-index=\"6\" ><div class=\"so-widget-sow-image so-widget-sow-image-default-6b88c04c1f9b-503\">\n\t<h3 class=\"widget-title\">Cart\u00f5es com Leitor C\u00f3digo de Barras<\/h3>\n<div class=\"sow-image-container\">\n\t<img src=\"https:\/\/cromag.com.br\/wp-content\/uploads\/2021\/06\/COD_INGRESSO-4.png\" width=\"450\" height=\"374\" srcset=\"https:\/\/cromag.com.br\/wp-content\/uploads\/2021\/06\/COD_INGRESSO-4.png 450w, https:\/\/cromag.com.br\/wp-content\/uploads\/2021\/06\/COD_INGRESSO-4-300x249.png 300w, https:\/\/cromag.com.br\/wp-content\/uploads\/2021\/06\/COD_INGRESSO-4-108x90.png 108w\" sizes=\"(max-width: 450px) 100vw, 450px\" title=\"Cart\u00f5es com Leitor C\u00f3digo de Barras\" alt=\"\" loading=\"lazy\" \t\tclass=\"so-widget-image\"\/>\n<\/div>\n\n<\/div><\/div><div id=\"panel-503-1-2-1\" class=\"so-panel widget widget_sow-button panel-last-child\" data-index=\"7\" ><div class=\"so-widget-sow-button so-widget-sow-button-atom-b4f6b6b19f96-503\"><div class=\"ow-button-base ow-button-align-center\">\n\t<a href=\"https:\/\/cromag.com.br\/?page_id=270\" class=\"ow-icon-placement-left ow-button-hover\" \t\t>\n\t\t<span>\n\t\t\t\n\t\t\tSaiba Mais...\t\t<\/span>\n\t<\/a>\n<\/div>\n<\/div><\/div><\/div><\/div><\/div>","protected":false},"excerpt":{"rendered":"<p>CONTADORAS COM LEITOR C\u00d3DIGO DE BARRAS Contadora e Leitora C\u00f3digo de Barras Saiba Mais&#8230; Bilhete Premiado Saiba Mais&#8230; Cart\u00f5es com Leitor C\u00f3digo de Barras Saiba Mais&#8230;<\/p>\n","protected":false},"author":1,"featured_media":0,"parent":0,"menu_order":0,"comment_status":"closed","ping_status":"closed","template":"","meta":[],"_links":{"self":[{"href":"https:\/\/cromag.com.br\/index.php?rest_route=\/wp\/v2\/pages\/503"}],"collection":[{"href":"https:\/\/cromag.com.br\/index.php?rest_route=\/wp\/v2\/pages"}],"about":[{"href":"https:\/\/cromag.com.br\/index.php?rest_route=\/wp\/v2\/types\/page"}],"author":[{"embeddable":true,"href":"https:\/\/cromag.com.br\/index.php?rest_route=\/wp\/v2\/users\/1"}],"replies":[{"embeddable":true,"href":"https:\/\/cromag.com.br\/index.php?rest_route=%2Fwp%2Fv2%2Fcomments&post=503"}],"version-history":[{"count":7,"href":"https:\/\/cromag.com.br\/index.php?rest_route=\/wp\/v2\/pages\/503\/revisions"}],"predecessor-version":[{"id":560,"href":"https:\/\/cromag.com.br\/index.php?rest_route=\/wp\/v2\/pages\/503\/revisions\/560"}],"wp:attachment":[{"href":"https:\/\/cromag.com.br\/index.php?rest_route=%2Fwp%2Fv2%2Fmedia&parent=503"}],"curies":[{"name":"wp","href":"https:\/\/api.w.org\/{rel}","templated":true}]}}