{"id":5,"date":"2021-06-07T12:18:48","date_gmt":"2021-06-07T15:18:48","guid":{"rendered":"http:\/\/cromag.com.br\/?page_id=5"},"modified":"2024-05-30T12:07:16","modified_gmt":"2024-05-30T15:07:16","slug":"home","status":"publish","type":"page","link":"https:\/\/cromag.com.br\/","title":{"rendered":"Home"},"content":{"rendered":"<div id=\"pl-5\"  class=\"panel-layout\" ><div id=\"pg-5-0\"  class=\"panel-grid panel-has-style\" ><div class=\"siteorigin-panels-stretch panel-row-style panel-row-style-for-5-0\" data-stretch-type=\"full-stretched-padded\" ><div id=\"pgc-5-0-0\"  class=\"panel-grid-cell\" ><div id=\"panel-5-0-0-0\" class=\"so-panel widget widget_sow-slider panel-first-child\" data-index=\"0\" ><div class=\"so-widget-sow-slider so-widget-sow-slider-default-53fd0f98de19-5\"><div class=\"sow-slider-base\" style=\"display: none\"><ul class=\"sow-slider-images\" data-settings=\"{&quot;pagination&quot;:true,&quot;speed&quot;:800,&quot;timeout&quot;:8000,&quot;paused&quot;:false,&quot;pause_on_hover&quot;:true,&quot;swipe&quot;:true,&quot;nav_always_show_desktop&quot;:&quot;&quot;,&quot;nav_always_show_mobile&quot;:&quot;&quot;,&quot;breakpoint&quot;:&quot;780px&quot;}\">\t\t<li class=\"sow-slider-image\" style=\"\" >\n\t\t\t<video class=\"sow-full-element\" autoplay  muted playsinline><source src=\"https:\/\/cromag.com.br\/wp-content\/uploads\/2022\/10\/VINHETA_CROMAG_AB.mp4\" type=\"video\/mp4\"><\/video>\t\t<\/li>\n\t\t<\/ul>\t\t\t\t<ol class=\"sow-slider-pagination\">\n\t\t\t\t\t\t\t\t\t\t\t<li><a href=\"#\" data-goto=\"0\" aria-label=\"display slide 1\"><\/a><\/li>\n\t\t\t\t\t\t\t\t\t<\/ol>\n\n\t\t\t\t<div class=\"sow-slide-nav sow-slide-nav-next\">\n\t\t\t\t\t<a href=\"#\" data-goto=\"next\" aria-label=\"next slide\" data-action=\"next\">\n\t\t\t\t\t\t<em class=\"sow-sld-icon-thin-right\"><\/em>\n\t\t\t\t\t<\/a>\n\t\t\t\t<\/div>\n\n\t\t\t\t<div class=\"sow-slide-nav sow-slide-nav-prev\">\n\t\t\t\t\t<a href=\"#\" data-goto=\"previous\" aria-label=\"previous slide\" data-action=\"prev\">\n\t\t\t\t\t\t<em class=\"sow-sld-icon-thin-left\"><\/em>\n\t\t\t\t\t<\/a>\n\t\t\t\t<\/div>\n\t\t\t\t<\/div><\/div><\/div><div id=\"panel-5-0-0-1\" class=\"so-panel widget widget_sow-headline\" data-index=\"1\" ><div class=\"so-widget-sow-headline so-widget-sow-headline-default-72bdb476253a-5\"><div class=\"sow-headline-container \">\n\t<h1 class='sow-headline'>M\u00c1QUINAS PARA AUTOMA\u00c7\u00c3O<\/h1><h5 class='sow-sub-headline'>As m\u00e1quinas contadora da Cromag est\u00e3o prontas para atender os mais variados segmentos, criando solu\u00e7\u00f5es personalizadas.<\/h5><\/div><\/div><\/div><div id=\"panel-5-0-0-2\" class=\"so-panel widget widget_sow-editor\" data-index=\"2\" ><div class=\"so-widget-sow-editor so-widget-sow-editor-base\">\n<div class=\"siteorigin-widget-tinymce textwidget\">\n\t<span class=\"\" style=\"display:block;clear:both;height: 0px;padding-top: 50px;border-top-width:0px;border-bottom-width:0px;\"><\/span>\n<\/div>\n<\/div><\/div><div id=\"panel-5-0-0-3\" class=\"so-panel widget widget_siteorigin-panels-builder panel-last-child\" data-index=\"3\" ><div id=\"pl-w642034d868b2e\"  class=\"panel-layout\" ><div id=\"pg-w642034d868b2e-0\"  class=\"panel-grid panel-no-style\" ><div id=\"pgc-w642034d868b2e-0-0\"  class=\"panel-grid-cell panel-grid-cell-empty\" ><\/div><div id=\"pgc-w642034d868b2e-0-1\"  class=\"panel-grid-cell panel-grid-cell-mobile-last\" ><div id=\"panel-w642034d868b2e-0-1-0\" class=\"so-panel widget widget_media_video panel-first-child panel-last-child\" data-index=\"0\" ><div style=\"width:100%;\" class=\"wp-video\"><!--[if lt IE 9]><script>document.createElement('video');<\/script><![endif]-->\n<video class=\"wp-video-shortcode\" id=\"video-5-1\" preload=\"metadata\" controls=\"controls\"><source type=\"video\/youtube\" src=\"https:\/\/youtu.be\/xDUSgD4yrGY?_=1\" \/><a href=\"https:\/\/youtu.be\/xDUSgD4yrGY\">https:\/\/youtu.be\/xDUSgD4yrGY<\/a><\/video><\/div><\/div><\/div><div id=\"pgc-w642034d868b2e-0-2\"  class=\"panel-grid-cell panel-grid-cell-empty\" ><\/div><\/div><\/div><\/div><\/div><\/div><\/div><div id=\"pg-5-1\"  class=\"panel-grid panel-has-style\" ><div class=\"siteorigin-panels-stretch panel-row-style panel-row-style-for-5-1\" data-stretch-type=\"full\" ><div id=\"pgc-5-1-0\"  class=\"panel-grid-cell\" ><div id=\"panel-5-1-0-0\" class=\"so-panel widget widget_media_image panel-first-child\" data-index=\"4\" ><img width=\"450\" height=\"374\" src=\"https:\/\/cromag.com.br\/wp-content\/uploads\/2024\/05\/CONTADORA_BILHETE_PREMIADO.png\" class=\"image wp-image-638  attachment-full size-full\" alt=\"\" loading=\"lazy\" style=\"max-width: 100%; height: auto;\" srcset=\"https:\/\/cromag.com.br\/wp-content\/uploads\/2024\/05\/CONTADORA_BILHETE_PREMIADO.png 450w, https:\/\/cromag.com.br\/wp-content\/uploads\/2024\/05\/CONTADORA_BILHETE_PREMIADO-300x249.png 300w, https:\/\/cromag.com.br\/wp-content\/uploads\/2024\/05\/CONTADORA_BILHETE_PREMIADO-108x90.png 108w\" sizes=\"(max-width: 450px) 100vw, 450px\" \/><\/div><div id=\"panel-5-1-0-1\" class=\"so-panel widget widget_sow-editor panel-last-child\" data-index=\"5\" ><div class=\"so-widget-sow-editor so-widget-sow-editor-base\">\n<div class=\"siteorigin-widget-tinymce textwidget\">\n\t<h4 style=\"text-align: center;\"><a href=\"https:\/\/cromag.com.br\/?page_id=138\">CONTADORAS C\u00d3DIGO DE BARRAS<\/a><\/h4>\n<p>A CROMAG M\u00e1quinas para Automa\u00e7\u00e3o desenvolve, contadoras que acham o n\u00famero premiado atrav\u00e9s do c\u00f3digo de barras do bilhete.<\/p>\n<\/div>\n<\/div><\/div><\/div><div id=\"pgc-5-1-1\"  class=\"panel-grid-cell\" ><div id=\"panel-5-1-1-0\" class=\"so-panel widget widget_media_image panel-first-child\" data-index=\"6\" ><img width=\"450\" height=\"375\" src=\"https:\/\/cromag.com.br\/wp-content\/uploads\/2024\/05\/CONTADORA-DE-CARTOES-CTD-COLLOR-.png\" class=\"image wp-image-646  attachment-full size-full\" alt=\"\" loading=\"lazy\" style=\"max-width: 100%; height: auto;\" srcset=\"https:\/\/cromag.com.br\/wp-content\/uploads\/2024\/05\/CONTADORA-DE-CARTOES-CTD-COLLOR-.png 450w, https:\/\/cromag.com.br\/wp-content\/uploads\/2024\/05\/CONTADORA-DE-CARTOES-CTD-COLLOR--300x250.png 300w, https:\/\/cromag.com.br\/wp-content\/uploads\/2024\/05\/CONTADORA-DE-CARTOES-CTD-COLLOR--108x90.png 108w\" sizes=\"(max-width: 450px) 100vw, 450px\" \/><\/div><div id=\"panel-5-1-1-1\" class=\"so-panel widget widget_sow-editor panel-last-child\" data-index=\"7\" ><div class=\"so-widget-sow-editor so-widget-sow-editor-base\">\n<div class=\"siteorigin-widget-tinymce textwidget\">\n\t<h4 style=\"text-align: center;\"><a href=\"http:\/\/cromag.com.br\/?page_id=232\">CONTADORAS CART\u00d5ES<\/a><\/h4>\n<p>Com fabrica\u00e7\u00e3o 100% nacional, as contadoras CROMAG aliam criatividade e conhecimento t\u00e9cnico para garantir \u00e0 sua empresa maior precis\u00e3o, confiabilidade e otimiza\u00e7\u00e3o dos processos de contagem<\/p>\n<\/div>\n<\/div><\/div><\/div><div id=\"pgc-5-1-2\"  class=\"panel-grid-cell\" ><div id=\"panel-5-1-2-0\" class=\"so-panel widget widget_media_image panel-first-child\" data-index=\"8\" ><img width=\"450\" height=\"375\" src=\"https:\/\/cromag.com.br\/wp-content\/uploads\/2024\/05\/CONTADORA-FAIXA-REFLETIVA-3M-.png\" class=\"image wp-image-647  attachment-full size-full\" alt=\"\" loading=\"lazy\" style=\"max-width: 100%; height: auto;\" srcset=\"https:\/\/cromag.com.br\/wp-content\/uploads\/2024\/05\/CONTADORA-FAIXA-REFLETIVA-3M-.png 450w, https:\/\/cromag.com.br\/wp-content\/uploads\/2024\/05\/CONTADORA-FAIXA-REFLETIVA-3M--300x250.png 300w, https:\/\/cromag.com.br\/wp-content\/uploads\/2024\/05\/CONTADORA-FAIXA-REFLETIVA-3M--108x90.png 108w\" sizes=\"(max-width: 450px) 100vw, 450px\" \/><\/div><div id=\"panel-5-1-2-1\" class=\"so-panel widget widget_sow-editor panel-last-child\" data-index=\"9\" ><div class=\"so-widget-sow-editor so-widget-sow-editor-base\">\n<div class=\"siteorigin-widget-tinymce textwidget\">\n\t<h4 style=\"text-align: center;\"><a href=\"http:\/\/cromag.com.br\/?page_id=250\">PROJETOS PERSONALIZADOS<\/a><\/h4>\n<p>A partir de amostras enviadas pelos clientes, buscamos a solu\u00e7\u00e3o de contagem mais adequada para o documento e\/ou n\u00famer\u00e1rio a ser contabilizado, reduzindo tempo e custos para sua empresa.<\/p>\n<\/div>\n<\/div><\/div><\/div><\/div><\/div><div id=\"pg-5-2\"  class=\"panel-grid panel-has-style\" ><div class=\"siteorigin-panels-stretch panel-row-style panel-row-style-for-5-2\" data-stretch-type=\"full\" ><div id=\"pgc-5-2-0\"  class=\"panel-grid-cell panel-grid-cell-mobile-last\" ><div id=\"panel-5-2-0-0\" class=\"so-panel widget widget_sow-editor panel-first-child\" data-index=\"10\" ><div class=\"so-widget-sow-editor so-widget-sow-editor-base\">\n<div class=\"siteorigin-widget-tinymce textwidget\">\n\t<h1><span class=\"\" style=\"display:block;clear:both;height: 0px;padding-top: 160px;border-top-width:0px;border-bottom-width:0px;\"><\/span><\/h1>\n<h1><span style=\"color: #ffffff;\">VENDA \/ LOCA\u00c7\u00c3O<\/span><\/h1>\n<p><span style=\"color: #ffffff;\">Com um mercado cada vez mais din\u00e2mico e atualizado, o servi\u00e7o de aluguel de maquinas traz hoje solu\u00e7\u00f5es para empresas que buscam se modernizar...<\/span><\/p>\n<\/div>\n<\/div><\/div><div id=\"panel-5-2-0-1\" class=\"so-panel widget widget_sow-button\" data-index=\"11\" ><div class=\"so-widget-sow-button so-widget-sow-button-wire-4fbe61939eb3-5\"><div class=\"ow-button-base ow-button-align-left\">\n\t<a href=\"http:\/\/www.igs.ind.br\/locacao\/\" class=\"ow-icon-placement-left\" \t\t>\n\t\t<span>\n\t\t\t\n\t\t\tSAIBA MAIS\t\t<\/span>\n\t<\/a>\n<\/div>\n<\/div><\/div><div id=\"panel-5-2-0-2\" class=\"so-panel widget widget_sow-editor panel-last-child\" data-index=\"12\" ><div class=\"so-widget-sow-editor so-widget-sow-editor-base\">\n<div class=\"siteorigin-widget-tinymce textwidget\">\n\t<h1><span class=\"\" style=\"display:block;clear:both;height: 0px;padding-top: 50px;border-top-width:0px;border-bottom-width:0px;\"><\/span><\/h1>\n<h1><\/h1>\n<\/div>\n<\/div><\/div><\/div><div id=\"pgc-5-2-1\"  class=\"panel-grid-cell panel-grid-cell-empty\" ><\/div><\/div><\/div><div id=\"pg-5-3\"  class=\"panel-grid panel-has-style\" ><div class=\"panel-row-style panel-row-style-for-5-3\" ><div id=\"pgc-5-3-0\"  class=\"panel-grid-cell\" ><div id=\"panel-5-3-0-0\" class=\"so-panel widget widget_sow-image panel-first-child\" data-index=\"13\" ><div class=\"so-widget-sow-image so-widget-sow-image-default-17bc2272b535-5\">\n\n<div class=\"sow-image-container\">\n\t<img src=\"https:\/\/cromag.com.br\/wp-content\/uploads\/2021\/06\/001-dollar-coin-money-100x100-1-90x90.png\" width=\"90\" height=\"90\" srcset=\"https:\/\/cromag.com.br\/wp-content\/uploads\/2021\/06\/001-dollar-coin-money-100x100-1-90x90.png 90w, https:\/\/cromag.com.br\/wp-content\/uploads\/2021\/06\/001-dollar-coin-money-100x100-1-78x78.png 78w, https:\/\/cromag.com.br\/wp-content\/uploads\/2021\/06\/001-dollar-coin-money-100x100-1-50x50.png 50w, https:\/\/cromag.com.br\/wp-content\/uploads\/2021\/06\/001-dollar-coin-money-100x100-1.png 100w\" sizes=\"(max-width: 90px) 100vw, 90px\" title=\"001-dollar-coin-money-100&#215;100\" alt=\"\" loading=\"lazy\" \t\tclass=\"so-widget-image\"\/>\n<\/div>\n\n<\/div><\/div><div id=\"panel-5-3-0-1\" class=\"so-panel widget widget_sow-editor panel-last-child\" data-index=\"14\" ><div class=\"so-widget-sow-editor so-widget-sow-editor-base\">\n<div class=\"siteorigin-widget-tinymce textwidget\">\n\t<h3 style=\"text-align: center;\">Melhores Pre\u00e7os<\/h3>\n<p style=\"text-align: center;\">Melhor Custo\/Benef\u00edcio para Loca\u00e7\u00e3o de Equipamentos.<\/p>\n<\/div>\n<\/div><\/div><\/div><div id=\"pgc-5-3-1\"  class=\"panel-grid-cell\" ><div id=\"panel-5-3-1-0\" class=\"so-panel widget widget_sow-image panel-first-child\" data-index=\"15\" ><div class=\"so-widget-sow-image so-widget-sow-image-default-17bc2272b535-5\">\n\n<div class=\"sow-image-container\">\n\t<img src=\"https:\/\/cromag.com.br\/wp-content\/uploads\/2021\/06\/003-call-center-operator-100x100-1-90x90.png\" width=\"90\" height=\"90\" srcset=\"https:\/\/cromag.com.br\/wp-content\/uploads\/2021\/06\/003-call-center-operator-100x100-1-90x90.png 90w, https:\/\/cromag.com.br\/wp-content\/uploads\/2021\/06\/003-call-center-operator-100x100-1-78x78.png 78w, https:\/\/cromag.com.br\/wp-content\/uploads\/2021\/06\/003-call-center-operator-100x100-1-50x50.png 50w, https:\/\/cromag.com.br\/wp-content\/uploads\/2021\/06\/003-call-center-operator-100x100-1.png 100w\" sizes=\"(max-width: 90px) 100vw, 90px\" title=\"003-call-center-operator-100&#215;100\" alt=\"\" loading=\"lazy\" \t\tclass=\"so-widget-image\"\/>\n<\/div>\n\n<\/div><\/div><div id=\"panel-5-3-1-1\" class=\"so-panel widget widget_sow-editor panel-last-child\" data-index=\"16\" ><div class=\"so-widget-sow-editor so-widget-sow-editor-base\">\n<div class=\"siteorigin-widget-tinymce textwidget\">\n\t<h3 style=\"text-align: center;\">Atendimento Personalizado<\/h3>\n<p style=\"text-align: center;\">Com solu\u00e7\u00f5es personalizadas para cada cliente, buscamos sempre realizar manuten\u00e7\u00f5es, evitando assim, a paralisa\u00e7\u00e3o das m\u00e1quinas por conta problemas t\u00e9cnicos.<\/p>\n<\/div>\n<\/div><\/div><\/div><div id=\"pgc-5-3-2\"  class=\"panel-grid-cell\" ><div id=\"panel-5-3-2-0\" class=\"so-panel widget widget_sow-image panel-first-child\" data-index=\"17\" ><div class=\"so-widget-sow-image so-widget-sow-image-default-17bc2272b535-5\">\n\n<div class=\"sow-image-container\">\n\t<img src=\"https:\/\/cromag.com.br\/wp-content\/uploads\/2021\/06\/002-shield-100x100-1-90x90.png\" width=\"90\" height=\"90\" srcset=\"https:\/\/cromag.com.br\/wp-content\/uploads\/2021\/06\/002-shield-100x100-1-90x90.png 90w, https:\/\/cromag.com.br\/wp-content\/uploads\/2021\/06\/002-shield-100x100-1-78x78.png 78w, https:\/\/cromag.com.br\/wp-content\/uploads\/2021\/06\/002-shield-100x100-1-50x50.png 50w, https:\/\/cromag.com.br\/wp-content\/uploads\/2021\/06\/002-shield-100x100-1.png 100w\" sizes=\"(max-width: 90px) 100vw, 90px\" title=\"002-shield-100&#215;100\" alt=\"\" loading=\"lazy\" \t\tclass=\"so-widget-image\"\/>\n<\/div>\n\n<\/div><\/div><div id=\"panel-5-3-2-1\" class=\"so-panel widget widget_sow-editor panel-last-child\" data-index=\"18\" ><div class=\"so-widget-sow-editor so-widget-sow-editor-base\">\n<div class=\"siteorigin-widget-tinymce textwidget\">\n\t<h3 style=\"text-align: center;\">Empresa S\u00f3lida<\/h3>\n<p style=\"text-align: center;\">A CROMAG \u00e9 uma empresa reconhecida com mais de 20 anos no mercado de solu\u00e7\u00f5es em diversos seguimentos.<\/p>\n<\/div>\n<\/div><\/div><\/div><\/div><\/div><div id=\"pg-5-4\"  class=\"panel-grid panel-no-style\" ><div id=\"pgc-5-4-0\"  class=\"panel-grid-cell\" ><div id=\"panel-5-4-0-0\" class=\"so-panel widget widget_sow-headline panel-first-child panel-last-child\" data-index=\"19\" ><div class=\"so-widget-sow-headline so-widget-sow-headline-default-631500e562d4-5\"><div class=\"sow-headline-container \">\n\t\t\t\t\t\t<div class=\"decoration\">\n\t\t\t\t\t\t<div class=\"decoration-inside\"><\/div>\n\t\t\t\t\t<\/div>\n\t\t\t\t\t<\/div><\/div><\/div><\/div><\/div><div id=\"pg-5-5\"  class=\"panel-grid panel-has-style\" ><div class=\"siteorigin-panels-stretch panel-row-style panel-row-style-for-5-5\" data-stretch-type=\"full\" ><div id=\"pgc-5-5-0\"  class=\"panel-grid-cell\" ><div id=\"panel-5-5-0-0\" class=\"so-panel widget widget_sow-editor panel-first-child panel-last-child\" data-index=\"20\" ><div class=\"so-widget-sow-editor so-widget-sow-editor-base\">\n<div class=\"siteorigin-widget-tinymce textwidget\">\n\t<h3 style=\"color: white\">SOBRE A CROMAG<\/h3>\n<p style=\"color: white;\">Atuando no mercado h\u00e1 mais de uma d\u00e9cada, a CROMAG t\u00eam como principais caracter\u00edsticas a qualidade de seus produtos, o atendimento personalizado e o pioneirismo na fabrica\u00e7\u00e3o de solu\u00e7\u00f5es para automa\u00e7\u00e3o de v\u00e1rios segmentos do mercado.<br \/>\nCom uma equipe altamente qualificada, a CROMAG \u00e9 100% nacional e desenvolve projetos de acordo com a necessidade de cada cliente, aliando criatividade e conhecimento t\u00e9cnico.<\/p>\n<\/div>\n<\/div><\/div><\/div><div id=\"pgc-5-5-1\"  class=\"panel-grid-cell\" ><div id=\"panel-5-5-1-0\" class=\"so-panel widget widget_sow-button panel-first-child panel-last-child\" data-index=\"21\" ><div class=\"so-widget-sow-button so-widget-sow-button-wire-80c359ddcb89-5\"><div class=\"ow-button-base ow-button-align-center\">\n\t<a href=\"https:\/\/cromag.com.br\/?page_id=123\" class=\"ow-icon-placement-bottom\" \t\t>\n\t\t<span>\n\t\t\t\n\t\t\tSAIBA MAIS\t\t<\/span>\n\t<\/a>\n<\/div>\n<\/div><\/div><\/div><\/div><\/div><div id=\"pg-5-6\"  class=\"panel-grid panel-has-style\" ><div class=\"panel-row-style panel-row-style-for-5-6\" ><div id=\"pgc-5-6-0\"  class=\"panel-grid-cell\" ><div id=\"panel-5-6-0-0\" class=\"so-panel widget widget_sow-headline panel-first-child\" data-index=\"22\" ><div class=\"so-widget-sow-headline so-widget-sow-headline-default-845a2cc9ca73-5 so-widget-fittext-wrapper\" data-fit-text-compressor=\"0.85\"><div class=\"sow-headline-container \">\n\t<h1 class='sow-headline'>CONTADORAS ESPECIAIS<\/h1><\/div><\/div><\/div><div id=\"panel-5-6-0-1\" class=\"so-panel widget widget_sow-post-carousel panel-last-child\" data-index=\"23\" ><div class=\"panel-widget-style panel-widget-style-for-5-6-0-1\" ><div class=\"so-widget-sow-post-carousel so-widget-sow-post-carousel-default-7124cece0490-5\">\n\t<div class=\"sow-carousel-title\">\n\t\t\n\t\t<div class=\"sow-carousel-navigation\">\n\t\t\t<a href=\"#\" class=\"sow-carousel-next\" title=\"Pr\u00f3ximo\" aria-label=\"Next Posts\" role=\"button\"><\/a>\n\t\t\t<a href=\"#\" class=\"sow-carousel-previous\" title=\"Anterior\" aria-label=\"Previous Posts\" role=\"button\"><\/a>\n\t\t<\/div>\n\n\t<\/div>\n\n\t<div class=\"sow-carousel-container\">\n\n\t\t<a href=\"#\" class=\"sow-carousel-previous\" title=\"Anterior\" aria-label=\"Previous Posts\" role=\"button\"><\/a>\n\n\t\t<a href=\"#\" class=\"sow-carousel-next\" title=\"Pr\u00f3ximo\" aria-label=\"Next Posts\" role=\"button\"><\/a>\n\n\t\t<div class=\"sow-carousel-wrapper\"\n\t\t     data-post-count=\"4\"\n\t\t     data-loop-posts-enabled=\"1\"\n\t\t     data-ajax-url=\"https:\/\/cromag.com.br\/wp-admin\/admin-ajax.php?_widgets_nonce=2bdec2ec0e\"\n\t\t     data-page=\"1\"\n\t\t     data-fetching=\"false\"\n\t\t     data-dir=\"ltr\"\n\t\t     data-responsive=\"{&quot;desktop_slides&quot;:1,&quot;tablet_portrait_slides&quot;:2,&quot;tablet_portrait_breakpoint&quot;:1025,&quot;tablet_landscape_slides&quot;:2,&quot;tablet_landscape_breakpoint&quot;:1366,&quot;mobile_breakpoint&quot;:480,&quot;mobile_slides&quot;:1}\"\n\t\t>\n\t\t\t<div class=\"sow-carousel-items\">\n\t\t\t\t\t<div class=\"sow-carousel-item\" tabindex=\"-1\">\n\t\t<div class=\"sow-carousel-thumbnail\">\n\t\t\t\t\t\t\t<a href=\"https:\/\/cromag.com.br\/?p=625\"\n\t\t\t\t\t\t\t\t\t\tstyle=\"background-image: url( https:\/\/cromag.com.br\/wp-content\/uploads\/2024\/04\/CONTADORA-TELE-SENNA--272x182.png )\"\n\t\t\t\t\taria-labelledby=\"sow-carousel-id-625\"\n\t\t\t\t\ttabindex=\"-1\">\n\t\t\t\t\t<span class=\"overlay\"><\/span>\n\t\t\t\t<\/a>\n\t\t\t\t\t<\/div>\n\t\t<h3><a href=\"https:\/\/cromag.com.br\/?p=625\" id=\"sow-carousel-id-625\"  tabindex=\"-1\">TELE SENA<\/a><\/h3>\n\t<\/div>\n\t<div class=\"sow-carousel-item\" tabindex=\"-1\">\n\t\t<div class=\"sow-carousel-thumbnail\">\n\t\t\t\t\t\t\t<a href=\"https:\/\/cromag.com.br\/?p=621\"\n\t\t\t\t\t\t\t\t\t\tstyle=\"background-image: url( https:\/\/cromag.com.br\/wp-content\/uploads\/2024\/04\/CONTADORA-FORMAS-PARA-DOCE-272x182.png )\"\n\t\t\t\t\taria-labelledby=\"sow-carousel-id-621\"\n\t\t\t\t\ttabindex=\"-1\">\n\t\t\t\t\t<span class=\"overlay\"><\/span>\n\t\t\t\t<\/a>\n\t\t\t\t\t<\/div>\n\t\t<h3><a href=\"https:\/\/cromag.com.br\/?p=621\" id=\"sow-carousel-id-621\"  tabindex=\"-1\">FORMAS PARA DOCE<\/a><\/h3>\n\t<\/div>\n\t<div class=\"sow-carousel-item\" tabindex=\"-1\">\n\t\t<div class=\"sow-carousel-thumbnail\">\n\t\t\t\t\t\t\t<a href=\"https:\/\/cromag.com.br\/?p=617\"\n\t\t\t\t\t\t\t\t\t\tstyle=\"background-image: url( https:\/\/cromag.com.br\/wp-content\/uploads\/2024\/04\/CONTADORA-FAIXAS-REFLETIVAS-3M-272x182.png )\"\n\t\t\t\t\taria-labelledby=\"sow-carousel-id-617\"\n\t\t\t\t\ttabindex=\"-1\">\n\t\t\t\t\t<span class=\"overlay\"><\/span>\n\t\t\t\t<\/a>\n\t\t\t\t\t<\/div>\n\t\t<h3><a href=\"https:\/\/cromag.com.br\/?p=617\" id=\"sow-carousel-id-617\"  tabindex=\"-1\">FAIXA REFLETIVA 3M<\/a><\/h3>\n\t<\/div>\n\t<div class=\"sow-carousel-item\" tabindex=\"-1\">\n\t\t<div class=\"sow-carousel-thumbnail\">\n\t\t\t\t\t\t\t<a href=\"https:\/\/cromag.com.br\/?p=569\"\n\t\t\t\t\t\t\t\t\t\tstyle=\"background-image: url( https:\/\/cromag.com.br\/wp-content\/uploads\/2024\/04\/CONTADORA-LENCO-UMIDECIDO-272x182.png )\"\n\t\t\t\t\taria-labelledby=\"sow-carousel-id-569\"\n\t\t\t\t\ttabindex=\"-1\">\n\t\t\t\t\t<span class=\"overlay\"><\/span>\n\t\t\t\t<\/a>\n\t\t\t\t\t<\/div>\n\t\t<h3><a href=\"https:\/\/cromag.com.br\/?p=569\" id=\"sow-carousel-id-569\"  tabindex=\"-1\">LEN\u00c7O UMIDECIDO<\/a><\/h3>\n\t<\/div>\n\t\t\t<\/div>\n\t\t<\/div>\n\t<\/div>\n\t<input type=\"hidden\" name=\"instance_hash\" value=\"e7ff15c0\"\/>\n<\/div><\/div><\/div><\/div><\/div><\/div><\/div>","protected":false},"excerpt":{"rendered":"<p>600 len\u00e7os umidecido por minuto; Alimenta\u00e7\u00e3o: Bi &#8211; Volt; Peso: 9 kg; Fabricada em moldes padronizados, gerando confiabilidade na produ\u00e7\u00e3o e na repeti\u00e7\u00e3o pe\u00e7as, com reposi\u00e7\u00e3o em at\u00e9 em 48 horas. Fabrica\u00e7\u00e3o 100% nacional<\/p>\n","protected":false},"author":1,"featured_media":0,"parent":0,"menu_order":0,"comment_status":"closed","ping_status":"closed","template":"","meta":[],"_links":{"self":[{"href":"https:\/\/cromag.com.br\/index.php?rest_route=\/wp\/v2\/pages\/5"}],"collection":[{"href":"https:\/\/cromag.com.br\/index.php?rest_route=\/wp\/v2\/pages"}],"about":[{"href":"https:\/\/cromag.com.br\/index.php?rest_route=\/wp\/v2\/types\/page"}],"author":[{"embeddable":true,"href":"https:\/\/cromag.com.br\/index.php?rest_route=\/wp\/v2\/users\/1"}],"replies":[{"embeddable":true,"href":"https:\/\/cromag.com.br\/index.php?rest_route=%2Fwp%2Fv2%2Fcomments&post=5"}],"version-history":[{"count":96,"href":"https:\/\/cromag.com.br\/index.php?rest_route=\/wp\/v2\/pages\/5\/revisions"}],"predecessor-version":[{"id":649,"href":"https:\/\/cromag.com.br\/index.php?rest_route=\/wp\/v2\/pages\/5\/revisions\/649"}],"wp:attachment":[{"href":"https:\/\/cromag.com.br\/index.php?rest_route=%2Fwp%2Fv2%2Fmedia&parent=5"}],"curies":[{"name":"wp","href":"https:\/\/api.w.org\/{rel}","templated":true}]}}