{"id":437,"date":"2023-07-27T08:41:30","date_gmt":"2023-07-27T11:41:30","guid":{"rendered":"https:\/\/cromag.com.br\/?page_id=437"},"modified":"2023-07-27T09:18:19","modified_gmt":"2023-07-27T12:18:19","slug":"contadora-de-cartoes-ctd-100","status":"publish","type":"page","link":"https:\/\/cromag.com.br\/?page_id=437","title":{"rendered":"CONTADORA DE CART\u00d5ES CTD-100"},"content":{"rendered":"<div id=\"pl-437\"  class=\"panel-layout\" ><div id=\"pg-437-0\"  class=\"panel-grid panel-no-style\" ><div id=\"pgc-437-0-0\"  class=\"panel-grid-cell\" ><div id=\"panel-437-0-0-0\" class=\"so-panel widget widget_sow-editor panel-first-child\" data-index=\"0\" ><div class=\"so-widget-sow-editor so-widget-sow-editor-base\">\n<div class=\"siteorigin-widget-tinymce textwidget\">\n\t<span class=\"\" style=\"display:block;clear:both;height: 0px;padding-top: 30px;border-top-width:0px;border-bottom-width:0px;\"><\/span>\n<\/div>\n<\/div><\/div><div id=\"panel-437-0-0-1\" class=\"so-panel widget widget_sow-headline panel-last-child\" data-index=\"1\" ><div class=\"so-widget-sow-headline so-widget-sow-headline-default-268ef5e243db-437\"><div class=\"sow-headline-container \">\n\t<h1 class='sow-headline'>CONTADORAS CART\u00d5ES DIGITAL <\/h1>\t\t\t\t\t<div class=\"decoration\">\n\t\t\t\t\t\t<div class=\"decoration-inside\"><\/div>\n\t\t\t\t\t<\/div>\n\t\t\t\t\t<h3 class='sow-sub-headline'>CTD - 100<\/h3><\/div><\/div><\/div><\/div><\/div><div id=\"pg-437-1\"  class=\"panel-grid panel-no-style\" ><div id=\"pgc-437-1-0\"  class=\"panel-grid-cell\" ><div id=\"panel-437-1-0-0\" class=\"so-panel widget widget_sow-editor panel-first-child\" data-index=\"2\" ><div class=\"so-widget-sow-editor so-widget-sow-editor-base\"><h3 class=\"widget-title\">Caracter\u00edsticas t\u00e9cnicas<\/h3>\n<div class=\"siteorigin-widget-tinymce textwidget\">\n\t<div class=\"siteorigin-widget-tinymce textwidget\">\n<div class=\"siteorigin-widget-tinymce textwidget\">\n<div class=\"siteorigin-widget-tinymce textwidget\">\n<div class=\"siteorigin-widget-tinymce textwidget\">\n<div class=\"siteorigin-widget-tinymce textwidget\">\n<div class=\"siteorigin-widget-tinymce textwidget\">\n<div class=\"siteorigin-widget-tinymce textwidget\">\n<p>Contagem e confer\u00eancia de100 cart\u00f5es em d\u00e9cimos de segundo. Sendo poss\u00edvel efetuar duas contagem e duas confer\u00eancias em 1,5 segundos.<\/p>\n<p>Peso equipamento: 3 kg<\/p>\n<p>Contagem de cart\u00f5es: Overlay, Mifare<\/p>\n<p>Garantia 1 ano.<br \/>\nProduto 100% nacional.<br \/>\nDispon\u00edvel para compra ou loca\u00e7\u00e3o. Consulte-nos!<\/p>\n<\/div>\n<\/div>\n<\/div>\n<\/div>\n<\/div>\n<\/div>\n<\/div>\n<\/div>\n<\/div><\/div><div id=\"panel-437-1-0-1\" class=\"so-panel widget widget_sow-button panel-last-child\" data-index=\"3\" ><div class=\"so-widget-sow-button so-widget-sow-button-atom-26d68955a680-437\"><div class=\"ow-button-base ow-button-align-left\">\n\t<a href=\"https:\/\/cromag.com.br\/?page_id=130\" class=\"ow-icon-placement-left ow-button-hover\" \t\t>\n\t\t<span>\n\t\t\t\n\t\t\tFale Conosco\t\t<\/span>\n\t<\/a>\n<\/div>\n<\/div><\/div><\/div><div id=\"pgc-437-1-1\"  class=\"panel-grid-cell\" ><div id=\"panel-437-1-1-0\" class=\"so-panel widget widget_media_video panel-first-child panel-last-child\" data-index=\"4\" ><div style=\"width:100%;\" class=\"wp-video\"><!--[if lt IE 9]><script>document.createElement('video');<\/script><![endif]-->\n<video class=\"wp-video-shortcode\" id=\"video-437-1\" preload=\"metadata\" controls=\"controls\"><source type=\"video\/youtube\" src=\"https:\/\/youtu.be\/UnCTjymNSxc?_=1\" \/><a href=\"https:\/\/youtu.be\/UnCTjymNSxc\">https:\/\/youtu.be\/UnCTjymNSxc<\/a><\/video><\/div><\/div><\/div><\/div><div id=\"pg-437-2\"  class=\"panel-grid panel-no-style\" ><div id=\"pgc-437-2-0\"  class=\"panel-grid-cell\" ><div id=\"panel-437-2-0-0\" class=\"so-panel widget widget_sow-image panel-first-child panel-last-child\" data-index=\"5\" ><div class=\"so-widget-sow-image so-widget-sow-image-default-6b88c04c1f9b-437\">\n\n<div class=\"sow-image-container\">\n\t<img src=\"https:\/\/cromag.com.br\/wp-content\/uploads\/2023\/07\/MG_7927.png\" width=\"5184\" height=\"3456\" srcset=\"https:\/\/cromag.com.br\/wp-content\/uploads\/2023\/07\/MG_7927.png 5184w, https:\/\/cromag.com.br\/wp-content\/uploads\/2023\/07\/MG_7927-300x200.png 300w, https:\/\/cromag.com.br\/wp-content\/uploads\/2023\/07\/MG_7927-1024x683.png 1024w, https:\/\/cromag.com.br\/wp-content\/uploads\/2023\/07\/MG_7927-768x512.png 768w, https:\/\/cromag.com.br\/wp-content\/uploads\/2023\/07\/MG_7927-1536x1024.png 1536w, https:\/\/cromag.com.br\/wp-content\/uploads\/2023\/07\/MG_7927-2048x1365.png 2048w, https:\/\/cromag.com.br\/wp-content\/uploads\/2023\/07\/MG_7927-810x540.png 810w, https:\/\/cromag.com.br\/wp-content\/uploads\/2023\/07\/MG_7927-560x373.png 560w, https:\/\/cromag.com.br\/wp-content\/uploads\/2023\/07\/MG_7927-975x650.png 975w, https:\/\/cromag.com.br\/wp-content\/uploads\/2023\/07\/MG_7927-120x80.png 120w, https:\/\/cromag.com.br\/wp-content\/uploads\/2023\/07\/MG_7927-272x182.png 272w\" sizes=\"(max-width: 5184px) 100vw, 5184px\" title=\"_MG_7927\" alt=\"\" loading=\"lazy\" \t\tclass=\"so-widget-image\"\/>\n<\/div>\n\n<\/div><\/div><\/div><div id=\"pgc-437-2-1\"  class=\"panel-grid-cell panel-grid-cell-empty panel-grid-cell-mobile-last\" ><\/div><div id=\"pgc-437-2-2\"  class=\"panel-grid-cell panel-grid-cell-empty\" ><\/div><\/div><\/div>","protected":false},"excerpt":{"rendered":"<p>Contagem e confer\u00eancia de100 cart\u00f5es em d\u00e9cimos de segundo. Sendo poss\u00edvel efetuar duas contagem e duas confer\u00eancias em 1,5 segundos. Peso equipamento: 3 kg Contagem de cart\u00f5es: Overlay, Mifare Garantia 1 ano. Produto 100% nacional. Dispon\u00edvel para compra ou loca\u00e7\u00e3o. Consulte-nos!<\/p>\n","protected":false},"author":1,"featured_media":0,"parent":0,"menu_order":0,"comment_status":"closed","ping_status":"closed","template":"","meta":[],"_links":{"self":[{"href":"https:\/\/cromag.com.br\/index.php?rest_route=\/wp\/v2\/pages\/437"}],"collection":[{"href":"https:\/\/cromag.com.br\/index.php?rest_route=\/wp\/v2\/pages"}],"about":[{"href":"https:\/\/cromag.com.br\/index.php?rest_route=\/wp\/v2\/types\/page"}],"author":[{"embeddable":true,"href":"https:\/\/cromag.com.br\/index.php?rest_route=\/wp\/v2\/users\/1"}],"replies":[{"embeddable":true,"href":"https:\/\/cromag.com.br\/index.php?rest_route=%2Fwp%2Fv2%2Fcomments&post=437"}],"version-history":[{"count":11,"href":"https:\/\/cromag.com.br\/index.php?rest_route=\/wp\/v2\/pages\/437\/revisions"}],"predecessor-version":[{"id":454,"href":"https:\/\/cromag.com.br\/index.php?rest_route=\/wp\/v2\/pages\/437\/revisions\/454"}],"wp:attachment":[{"href":"https:\/\/cromag.com.br\/index.php?rest_route=%2Fwp%2Fv2%2Fmedia&parent=437"}],"curies":[{"name":"wp","href":"https:\/\/api.w.org\/{rel}","templated":true}]}}