{"id":363,"date":"2023-01-08T09:21:13","date_gmt":"2023-01-08T12:21:13","guid":{"rendered":"https:\/\/cromag.com.br\/?page_id=363"},"modified":"2023-07-27T09:07:18","modified_gmt":"2023-07-27T12:07:18","slug":"contador-de-cartoes-digital-ctd-collor-200","status":"publish","type":"page","link":"https:\/\/cromag.com.br\/?page_id=363","title":{"rendered":"CONTADOR DE CART\u00d5ES DIGITAL CTD COLLOR \/ 200"},"content":{"rendered":"<div id=\"pl-363\"  class=\"panel-layout\" ><div id=\"pg-363-0\"  class=\"panel-grid panel-no-style\" ><div id=\"pgc-363-0-0\"  class=\"panel-grid-cell\" ><div id=\"panel-363-0-0-0\" class=\"so-panel widget widget_sow-editor panel-first-child\" data-index=\"0\" ><div class=\"so-widget-sow-editor so-widget-sow-editor-base\">\n<div class=\"siteorigin-widget-tinymce textwidget\">\n\t<span class=\"\" style=\"display:block;clear:both;height: 0px;padding-top: 30px;border-top-width:0px;border-bottom-width:0px;\"><\/span>\n<\/div>\n<\/div><\/div><div id=\"panel-363-0-0-1\" class=\"so-panel widget widget_sow-headline panel-last-child\" data-index=\"1\" ><div class=\"so-widget-sow-headline so-widget-sow-headline-default-268ef5e243db-363\"><div class=\"sow-headline-container \">\n\t<h1 class='sow-headline'>CONTADORAS CART\u00d5ES DIGITAL <\/h1>\t\t\t\t\t<div class=\"decoration\">\n\t\t\t\t\t\t<div class=\"decoration-inside\"><\/div>\n\t\t\t\t\t<\/div>\n\t\t\t\t\t<h3 class='sow-sub-headline'>CTD - COLLOR \/ 200<\/h3><\/div><\/div><\/div><\/div><\/div><div id=\"pg-363-1\"  class=\"panel-grid panel-no-style\" ><div id=\"pgc-363-1-0\"  class=\"panel-grid-cell\" ><div id=\"panel-363-1-0-0\" class=\"so-panel widget widget_sow-editor panel-first-child\" data-index=\"2\" ><div class=\"so-widget-sow-editor so-widget-sow-editor-base\"><h3 class=\"widget-title\">Caracter\u00edsticas t\u00e9cnicas<\/h3>\n<div class=\"siteorigin-widget-tinymce textwidget\">\n\t<div class=\"siteorigin-widget-tinymce textwidget\">\n<div class=\"siteorigin-widget-tinymce textwidget\">\n<div class=\"siteorigin-widget-tinymce textwidget\">\n<div class=\"siteorigin-widget-tinymce textwidget\">\n<div class=\"siteorigin-widget-tinymce textwidget\">\n<div class=\"siteorigin-widget-tinymce textwidget\">\n<p>Contagem e confer\u00eancia de 200 cart\u00f5es em d\u00e9cimos de segundo. Sendo poss\u00edvel efetuar duas contagem e duas confer\u00eancias em 1,5 segundos.<\/p>\n<p>Peso equipamento: 10 kg<\/p>\n<p>Contagem de cart\u00f5es: Overlay, Mifare, GSM, Coloridos, Pretos e outros<\/p>\n<p>Fun\u00e7\u00e3o Acumulado esta fun\u00e7\u00e3o possibilita ao usu\u00e1rio identificar os n\u00fameros de cart\u00f5es acumulados durante um determinado processo.<\/p>\n<p>Fun\u00e7\u00e3o Preset esta fun\u00e7\u00e3o permite acumular a contagem de cart\u00f5es. Exemplo: Selecionando um n\u00famero determinado de cart\u00f5es na fun\u00e7\u00e3o preset, ao t\u00e9rmino do processo de contagem, este ser\u00e1 reinicializado, possibilitando a soma de todos os cart\u00f5es j\u00e1 contados anteriormente.<\/p>\n<p>Mensagem de erro de calibra\u00e7\u00e3o. Esta fun\u00e7\u00e3o permite acumular a contagem de cart\u00f5es. Ex: caso esteja contando 200 cart\u00f5es, selecione a fun\u00e7\u00e3o preset 200 e assim toda vez que a m\u00e1quina contar 200 cart\u00f5es ser\u00e1 acumulado. Qualquer outro valor que contar, e n\u00e3o seja o valor desejado no preset a m\u00e1quina n\u00e3o acumular\u00e1.<\/p>\n<p>Dois Sensores de contagem desenvolvido pela CROMAG. Esta solu\u00e7\u00e3o nos permite acompanhar as altera\u00e7\u00f5es que ocorre no mercado de cart\u00f5es, caso surja algum cart\u00e3o novo e n\u00e3o conte em nenhum equipamento temos a possibilidade de modificar o sensor, de acordo com a necessidade do cliente.<\/p>\n<p>Display externo possibilita ao usu\u00e1rio visualiza\u00e7\u00e3o em v\u00e1rios \u00e2ngulos com utiliza\u00e7\u00e3o de um display de 7 segmentos vermelho (similar r\u00e1dio rel\u00f3gio) em tamanho de 2,5 cm x 4,0 cm por n\u00famero. Somente mostrar\u00e1 no display a contagem correta.<\/p>\n<p>Display Gr\u00e1fico o display cont\u00e9m o tamanho de 14 cm por 7 cm, onde o contador tem uma visualiza\u00e7\u00e3o melhor da contagem.<\/p>\n<\/div>\n<\/div>\n<\/div>\n<\/div>\n<\/div>\n<\/div>\n<\/div>\n<\/div><\/div><div id=\"panel-363-1-0-1\" class=\"so-panel widget widget_sow-button panel-last-child\" data-index=\"3\" ><div class=\"so-widget-sow-button so-widget-sow-button-atom-26d68955a680-363\"><div class=\"ow-button-base ow-button-align-left\">\n\t<a href=\"https:\/\/cromag.com.br\/?page_id=130\" class=\"ow-icon-placement-left ow-button-hover\" \t\t>\n\t\t<span>\n\t\t\t\n\t\t\tFale Conosco\t\t<\/span>\n\t<\/a>\n<\/div>\n<\/div><\/div><\/div><div id=\"pgc-363-1-1\"  class=\"panel-grid-cell\" ><div id=\"panel-363-1-1-0\" class=\"so-panel widget widget_media_video panel-first-child panel-last-child\" data-index=\"4\" ><div style=\"width:100%;\" class=\"wp-video\"><!--[if lt IE 9]><script>document.createElement('video');<\/script><![endif]-->\n<video class=\"wp-video-shortcode\" id=\"video-363-1\" preload=\"metadata\" controls=\"controls\"><source type=\"video\/youtube\" src=\"https:\/\/youtu.be\/OJXas4s6yM4?_=1\" \/><a href=\"https:\/\/youtu.be\/OJXas4s6yM4\">https:\/\/youtu.be\/OJXas4s6yM4<\/a><\/video><\/div><\/div><\/div><\/div><div id=\"pg-363-2\"  class=\"panel-grid panel-no-style\" ><div id=\"pgc-363-2-0\"  class=\"panel-grid-cell\" ><div id=\"panel-363-2-0-0\" class=\"so-panel widget widget_sow-image panel-first-child panel-last-child\" data-index=\"5\" ><div class=\"so-widget-sow-image so-widget-sow-image-default-6b88c04c1f9b-363\">\n\n<div class=\"sow-image-container\">\n\t<img src=\"https:\/\/cromag.com.br\/wp-content\/uploads\/2023\/01\/CTD-200-L.png\" width=\"450\" height=\"374\" srcset=\"https:\/\/cromag.com.br\/wp-content\/uploads\/2023\/01\/CTD-200-L.png 450w, https:\/\/cromag.com.br\/wp-content\/uploads\/2023\/01\/CTD-200-L-300x249.png 300w, https:\/\/cromag.com.br\/wp-content\/uploads\/2023\/01\/CTD-200-L-108x90.png 108w\" sizes=\"(max-width: 450px) 100vw, 450px\" alt=\"\" loading=\"lazy\" \t\tclass=\"so-widget-image\"\/>\n<\/div>\n\n<\/div><\/div><\/div><div id=\"pgc-363-2-1\"  class=\"panel-grid-cell\" ><div id=\"panel-363-2-1-0\" class=\"so-panel widget widget_sow-image panel-first-child panel-last-child\" data-index=\"6\" ><div class=\"so-widget-sow-image so-widget-sow-image-default-6b88c04c1f9b-363\">\n\t<h3 class=\"widget-title\"><\/h3>\n<div class=\"sow-image-container\">\n\t<img src=\"https:\/\/cromag.com.br\/wp-content\/uploads\/2023\/01\/CTD-COLOR-200.png\" width=\"300\" height=\"249\" srcset=\"https:\/\/cromag.com.br\/wp-content\/uploads\/2023\/01\/CTD-COLOR-200.png 300w, https:\/\/cromag.com.br\/wp-content\/uploads\/2023\/01\/CTD-COLOR-200-108x90.png 108w\" sizes=\"(max-width: 300px) 100vw, 300px\" alt=\"\" loading=\"lazy\" \t\tclass=\"so-widget-image\"\/>\n<\/div>\n\n<\/div><\/div><\/div><div id=\"pgc-363-2-2\"  class=\"panel-grid-cell\" ><div id=\"panel-363-2-2-0\" class=\"so-panel widget widget_sow-image panel-first-child panel-last-child\" data-index=\"7\" ><div class=\"so-widget-sow-image so-widget-sow-image-default-6b88c04c1f9b-363\">\n\t<h3 class=\"widget-title\"><\/h3>\n<div class=\"sow-image-container\">\n\t<img src=\"https:\/\/cromag.com.br\/wp-content\/uploads\/2023\/01\/CTD-200-L2.png\" width=\"450\" height=\"374\" srcset=\"https:\/\/cromag.com.br\/wp-content\/uploads\/2023\/01\/CTD-200-L2.png 450w, https:\/\/cromag.com.br\/wp-content\/uploads\/2023\/01\/CTD-200-L2-300x249.png 300w, https:\/\/cromag.com.br\/wp-content\/uploads\/2023\/01\/CTD-200-L2-108x90.png 108w\" sizes=\"(max-width: 450px) 100vw, 450px\" alt=\"\" loading=\"lazy\" \t\tclass=\"so-widget-image\"\/>\n<\/div>\n\n<\/div><\/div><\/div><\/div><\/div>","protected":false},"excerpt":{"rendered":"<p>Contagem e confer\u00eancia de 200 cart\u00f5es em d\u00e9cimos de segundo. Sendo poss\u00edvel efetuar duas contagem e duas confer\u00eancias em 1,5 segundos. Peso equipamento: 10 kg Contagem de cart\u00f5es: Overlay, Mifare, GSM, Coloridos, Pretos e outros Fun\u00e7\u00e3o Acumulado esta fun\u00e7\u00e3o possibilita ao usu\u00e1rio identificar os n\u00fameros de cart\u00f5es acumulados durante um determinado processo. Fun\u00e7\u00e3o Preset esta [&hellip;]<\/p>\n","protected":false},"author":1,"featured_media":0,"parent":0,"menu_order":0,"comment_status":"closed","ping_status":"closed","template":"","meta":[],"_links":{"self":[{"href":"https:\/\/cromag.com.br\/index.php?rest_route=\/wp\/v2\/pages\/363"}],"collection":[{"href":"https:\/\/cromag.com.br\/index.php?rest_route=\/wp\/v2\/pages"}],"about":[{"href":"https:\/\/cromag.com.br\/index.php?rest_route=\/wp\/v2\/types\/page"}],"author":[{"embeddable":true,"href":"https:\/\/cromag.com.br\/index.php?rest_route=\/wp\/v2\/users\/1"}],"replies":[{"embeddable":true,"href":"https:\/\/cromag.com.br\/index.php?rest_route=%2Fwp%2Fv2%2Fcomments&post=363"}],"version-history":[{"count":13,"href":"https:\/\/cromag.com.br\/index.php?rest_route=\/wp\/v2\/pages\/363\/revisions"}],"predecessor-version":[{"id":450,"href":"https:\/\/cromag.com.br\/index.php?rest_route=\/wp\/v2\/pages\/363\/revisions\/450"}],"wp:attachment":[{"href":"https:\/\/cromag.com.br\/index.php?rest_route=%2Fwp%2Fv2%2Fmedia&parent=363"}],"curies":[{"name":"wp","href":"https:\/\/api.w.org\/{rel}","templated":true}]}}