{"id":279,"date":"2021-06-28T15:25:03","date_gmt":"2021-06-28T18:25:03","guid":{"rendered":"http:\/\/cromag.com.br\/?page_id=279"},"modified":"2021-06-28T15:25:03","modified_gmt":"2021-06-28T18:25:03","slug":"representantes","status":"publish","type":"page","link":"https:\/\/cromag.com.br\/?page_id=279","title":{"rendered":"Representantes"},"content":{"rendered":"<div id=\"pl-279\"  class=\"panel-layout\" ><div id=\"pg-279-0\"  class=\"panel-grid panel-has-style\" ><div class=\"siteorigin-panels-stretch panel-row-style panel-row-style-for-279-0\" data-stretch-type=\"full\" ><div id=\"pgc-279-0-0\"  class=\"panel-grid-cell\" ><div id=\"panel-279-0-0-0\" class=\"so-panel widget widget_sow-headline panel-first-child panel-last-child\" data-index=\"0\" ><div class=\"so-widget-sow-headline so-widget-sow-headline-default-710bbac22a35-279\"><div class=\"sow-headline-container \">\n\t<h1 class='sow-headline'>Seja nosso representante! <\/h1><h4 class='sow-sub-headline'>\u00c9 com satisfa\u00e7\u00e3o que recebemos seu contato e interesse em representar nossa empresa! Para iniciar nosso contato, por favor preencha os dados que servem de pr\u00e9-requisito para an\u00e1lise cadastral.<\/h4><\/div><\/div><\/div><\/div><div id=\"pgc-279-0-1\"  class=\"panel-grid-cell\" ><div id=\"panel-279-0-1-0\" class=\"so-panel widget widget_sow-contact-form panel-first-child panel-last-child\" data-index=\"1\" ><div class=\"so-widget-sow-contact-form so-widget-sow-contact-form-default-6ad7369a8ada-279\">\t<form action=\"#contact-form-47a5\"\n          method=\"POST\" class=\"sow-contact-form\" id=\"contact-form-47a5\">\n\n\t\t\n\t\t            <div class=\"sow-form-field sow-form-field-name\"><label class=\"sow-form-field-label-above\" for=\"sow-contact-form-field-nome-562e5fae0271d\">\n\t\t\t\t<strong>\n\t\t\t\t\tNome\t\t\t\t\t\t\t\t\t<\/strong>\n\t\t\t<\/label>\n\t\t\t<span class=\"sow-field-container\">\t\t<input type=\"text\" name=\"nome-562e5fae0271d\" id=\"sow-contact-form-field-nome-562e5fae0271d\" value=\"\" class=\"sow-text-field\"\/>\n\t\t<\/span><\/div>            <div class=\"sow-form-field sow-form-field-email\"><label class=\"sow-form-field-label-above\" for=\"sow-contact-form-field-email-562e5fae0271d\">\n\t\t\t\t<strong>\n\t\t\t\t\tEmail\t\t\t\t\t\t\t\t\t<\/strong>\n\t\t\t<\/label>\n\t\t\t<span class=\"sow-field-container\">\t\t<input type=\"email\" name=\"email-562e5fae0271d\" id=\"sow-contact-form-field-email-562e5fae0271d\" value=\"\" class=\"sow-text-field\"\/>\n\t\t<\/span><\/div>            <div class=\"sow-form-field sow-form-field-name\"><label class=\"sow-form-field-label-above\" for=\"sow-contact-form-field-empresa-562e5fae0271d\">\n\t\t\t\t<strong>\n\t\t\t\t\tEmpresa\t\t\t\t\t\t\t\t\t<\/strong>\n\t\t\t<\/label>\n\t\t\t<span class=\"sow-field-container\">\t\t<input type=\"text\" name=\"empresa-562e5fae0271d\" id=\"sow-contact-form-field-empresa-562e5fae0271d\" value=\"\" class=\"sow-text-field\"\/>\n\t\t<\/span><\/div>            <div class=\"sow-form-field sow-form-field-textarea\"><label class=\"sow-form-field-label-above\" for=\"sow-contact-form-field-messagem-562e5fae0271d\">\n\t\t\t\t<strong>\n\t\t\t\t\tMessagem\t\t\t\t\t\t\t\t\t<\/strong>\n\t\t\t<\/label>\n\t\t\t<span class=\"sow-field-container\">\t\t<textarea name=\"messagem-562e5fae0271d\" id=\"sow-contact-form-field-messagem-562e5fae0271d\" rows=\"10\"><\/textarea>\n\t\t<\/span><\/div>\t\t<input type=\"hidden\" name=\"instance_hash\" value=\"47a5513a871e95f029c1ba3d3db1d882\" \/>\n\t\t<input type=\"hidden\" id=\"_wpnonce\" name=\"_wpnonce\" value=\"0d30aa7dbc\" \/><input type=\"hidden\" name=\"_wp_http_referer\" value=\"\/index.php?rest_route=%2Fwp%2Fv2%2Fpages%2F279\" \/>\n\t\t\n\t\t<div class=\"sow-submit-wrapper sow-submit-styled\">\n\t\t\t<input type=\"submit\" value=\"Enviar\" class=\"sow-submit\"\n\t\t\t\t   \t\t\t>\n\t\t<\/div>\n\t<\/form>\n\t<\/div><\/div><\/div><\/div><\/div><\/div>","protected":false},"excerpt":{"rendered":"<p>Seja nosso representante! \u00c9 com satisfa\u00e7\u00e3o que recebemos seu contato e interesse em representar nossa empresa! Para iniciar nosso contato, por favor preencha os dados que servem de pr\u00e9-requisito para an\u00e1lise cadastral. Nome Email Empresa Messagem<\/p>\n","protected":false},"author":1,"featured_media":0,"parent":0,"menu_order":0,"comment_status":"closed","ping_status":"closed","template":"","meta":[],"_links":{"self":[{"href":"https:\/\/cromag.com.br\/index.php?rest_route=\/wp\/v2\/pages\/279"}],"collection":[{"href":"https:\/\/cromag.com.br\/index.php?rest_route=\/wp\/v2\/pages"}],"about":[{"href":"https:\/\/cromag.com.br\/index.php?rest_route=\/wp\/v2\/types\/page"}],"author":[{"embeddable":true,"href":"https:\/\/cromag.com.br\/index.php?rest_route=\/wp\/v2\/users\/1"}],"replies":[{"embeddable":true,"href":"https:\/\/cromag.com.br\/index.php?rest_route=%2Fwp%2Fv2%2Fcomments&post=279"}],"version-history":[{"count":2,"href":"https:\/\/cromag.com.br\/index.php?rest_route=\/wp\/v2\/pages\/279\/revisions"}],"predecessor-version":[{"id":281,"href":"https:\/\/cromag.com.br\/index.php?rest_route=\/wp\/v2\/pages\/279\/revisions\/281"}],"wp:attachment":[{"href":"https:\/\/cromag.com.br\/index.php?rest_route=%2Fwp%2Fv2%2Fmedia&parent=279"}],"curies":[{"name":"wp","href":"https:\/\/api.w.org\/{rel}","templated":true}]}}