{"id":263,"date":"2021-06-28T15:00:58","date_gmt":"2021-06-28T18:00:58","guid":{"rendered":"http:\/\/cromag.com.br\/?page_id=263"},"modified":"2023-07-27T09:19:19","modified_gmt":"2023-07-27T12:19:19","slug":"vale-transporte","status":"publish","type":"page","link":"https:\/\/cromag.com.br\/?page_id=263","title":{"rendered":"Vale Transporte"},"content":{"rendered":"<div id=\"pl-263\"  class=\"panel-layout\" ><div id=\"pg-263-0\"  class=\"panel-grid panel-no-style\" ><div id=\"pgc-263-0-0\"  class=\"panel-grid-cell\" ><div id=\"panel-263-0-0-0\" class=\"so-panel widget widget_sow-editor panel-first-child\" data-index=\"0\" ><div class=\"so-widget-sow-editor so-widget-sow-editor-base\">\n<div class=\"siteorigin-widget-tinymce textwidget\">\n\t<span class=\"\" style=\"display:block;clear:both;height: 0px;padding-top: 30px;border-top-width:0px;border-bottom-width:0px;\"><\/span>\n<\/div>\n<\/div><\/div><div id=\"panel-263-0-0-1\" class=\"so-panel widget widget_sow-headline panel-last-child\" data-index=\"1\" ><div class=\"so-widget-sow-headline so-widget-sow-headline-default-f2f025d10fff-263\"><div class=\"sow-headline-container \">\n\t<h1 class='sow-headline'>CONTADORA DE VALE TRANSPORTE<\/h1>\t\t\t\t\t<div class=\"decoration\">\n\t\t\t\t\t\t<div class=\"decoration-inside\"><\/div>\n\t\t\t\t\t<\/div>\n\t\t\t\t\t<\/div><\/div><\/div><\/div><\/div><div id=\"pg-263-1\"  class=\"panel-grid panel-no-style\" ><div id=\"pgc-263-1-0\"  class=\"panel-grid-cell\" ><div id=\"panel-263-1-0-0\" class=\"so-panel widget widget_sow-editor panel-first-child\" data-index=\"2\" ><div class=\"so-widget-sow-editor so-widget-sow-editor-base\"><h3 class=\"widget-title\">Caracter\u00edsticas t\u00e9cnicas<\/h3>\n<div class=\"siteorigin-widget-tinymce textwidget\">\n\t<div class=\"siteorigin-widget-tinymce textwidget\">\n<div class=\"siteorigin-widget-tinymce textwidget\">\n<div class=\"siteorigin-widget-tinymce textwidget\">\n<div class=\"siteorigin-widget-tinymce textwidget\">\n<div class=\"siteorigin-widget-tinymce textwidget\">\n<p>Alimenta\u00e7\u00e3o: Bi - Volt com sele\u00e7\u00e3o manual;<br \/>\nSepara documentos em lotes.<br \/>\nDe 2200 documentos por minuto;<br \/>\nPeso: 7 kg;<br \/>\nDimens\u00f5es: 22 cm X 29cm X 33 cm (AxLxP);<br \/>\nDisplay Luminoso<br \/>\nProduto 100% Nacional<br \/>\nMelhor rela\u00e7\u00e3o custo x benef\u00edcio do mercado<\/p>\n<\/div>\n<\/div>\n<\/div>\n<\/div>\n<\/div>\n<\/div>\n<\/div><\/div><div id=\"panel-263-1-0-1\" class=\"so-panel widget widget_sow-button\" data-index=\"3\" ><div class=\"so-widget-sow-button so-widget-sow-button-atom-26d68955a680-263\"><div class=\"ow-button-base ow-button-align-left\">\n\t<a href=\"https:\/\/cromag.com.br\/?page_id=130\" class=\"ow-icon-placement-left ow-button-hover\" \t\t>\n\t\t<span>\n\t\t\t\n\t\t\tSolicite Or\u00e7amento\t\t<\/span>\n\t<\/a>\n<\/div>\n<\/div><\/div><div id=\"panel-263-1-0-2\" class=\"so-panel widget widget_sow-editor panel-last-child\" data-index=\"4\" ><div class=\"so-widget-sow-editor so-widget-sow-editor-base\">\n<div class=\"siteorigin-widget-tinymce textwidget\">\n\t<p><a href=\"https:\/\/api.whatsapp.com\/send?l=pt&amp;phone=5511956493044\"><img style=\"height: 80px; position: fixed; bottom: 65px; right: 25px; z-index: 100;\" src=\"http:\/\/localhost\/igs\/wp-content\/uploads\/2018\/10\/whats.png\" data-selector=\"img\"><\/a><\/p>\n<\/div>\n<\/div><\/div><\/div><div id=\"pgc-263-1-1\"  class=\"panel-grid-cell\" ><div id=\"panel-263-1-1-0\" class=\"so-panel widget widget_media_video panel-first-child panel-last-child\" data-index=\"5\" ><div style=\"width:100%;\" class=\"wp-video\"><!--[if lt IE 9]><script>document.createElement('video');<\/script><![endif]-->\n<video class=\"wp-video-shortcode\" id=\"video-263-1\" preload=\"metadata\" controls=\"controls\"><source type=\"video\/youtube\" src=\"https:\/\/youtu.be\/41SMCuJC1jo?_=1\" \/><a href=\"https:\/\/youtu.be\/41SMCuJC1jo\">https:\/\/youtu.be\/41SMCuJC1jo<\/a><\/video><\/div><\/div><\/div><\/div><div id=\"pg-263-2\"  class=\"panel-grid panel-no-style\" ><div id=\"pgc-263-2-0\"  class=\"panel-grid-cell\" ><div id=\"panel-263-2-0-0\" class=\"so-panel widget widget_sow-image panel-first-child panel-last-child\" data-index=\"6\" ><div class=\"so-widget-sow-image so-widget-sow-image-default-6b88c04c1f9b-263\">\n\t<h3 class=\"widget-title\"><\/h3>\n<div class=\"sow-image-container\">\n\t<img src=\"https:\/\/cromag.com.br\/wp-content\/uploads\/2021\/06\/VT_04.png\" width=\"450\" height=\"374\" srcset=\"https:\/\/cromag.com.br\/wp-content\/uploads\/2021\/06\/VT_04.png 450w, https:\/\/cromag.com.br\/wp-content\/uploads\/2021\/06\/VT_04-300x249.png 300w, https:\/\/cromag.com.br\/wp-content\/uploads\/2021\/06\/VT_04-108x90.png 108w\" sizes=\"(max-width: 450px) 100vw, 450px\" alt=\"\" loading=\"lazy\" \t\tclass=\"so-widget-image\"\/>\n<\/div>\n\n<\/div><\/div><\/div><div id=\"pgc-263-2-1\"  class=\"panel-grid-cell\" ><div id=\"panel-263-2-1-0\" class=\"so-panel widget widget_sow-image panel-first-child panel-last-child\" data-index=\"7\" ><div class=\"so-widget-sow-image so-widget-sow-image-default-6b88c04c1f9b-263\">\n\t<h3 class=\"widget-title\"><\/h3>\n<div class=\"sow-image-container\">\n\t<img src=\"https:\/\/cromag.com.br\/wp-content\/uploads\/2021\/06\/VT_02.png\" width=\"450\" height=\"374\" srcset=\"https:\/\/cromag.com.br\/wp-content\/uploads\/2021\/06\/VT_02.png 450w, https:\/\/cromag.com.br\/wp-content\/uploads\/2021\/06\/VT_02-300x249.png 300w, https:\/\/cromag.com.br\/wp-content\/uploads\/2021\/06\/VT_02-108x90.png 108w\" sizes=\"(max-width: 450px) 100vw, 450px\" alt=\"\" loading=\"lazy\" \t\tclass=\"so-widget-image\"\/>\n<\/div>\n\n<\/div><\/div><\/div><div id=\"pgc-263-2-2\"  class=\"panel-grid-cell\" ><div id=\"panel-263-2-2-0\" class=\"so-panel widget widget_sow-image panel-first-child panel-last-child\" data-index=\"8\" ><div class=\"so-widget-sow-image so-widget-sow-image-default-6b88c04c1f9b-263\">\n\t<h3 class=\"widget-title\"><\/h3>\n<div class=\"sow-image-container\">\n\t<img src=\"https:\/\/cromag.com.br\/wp-content\/uploads\/2021\/06\/VT_01.png\" width=\"450\" height=\"374\" srcset=\"https:\/\/cromag.com.br\/wp-content\/uploads\/2021\/06\/VT_01.png 450w, https:\/\/cromag.com.br\/wp-content\/uploads\/2021\/06\/VT_01-300x249.png 300w, https:\/\/cromag.com.br\/wp-content\/uploads\/2021\/06\/VT_01-108x90.png 108w\" sizes=\"(max-width: 450px) 100vw, 450px\" alt=\"\" loading=\"lazy\" \t\tclass=\"so-widget-image\"\/>\n<\/div>\n\n<\/div><\/div><\/div><\/div><\/div>","protected":false},"excerpt":{"rendered":"<p>Alimenta\u00e7\u00e3o: Bi &#8211; Volt com sele\u00e7\u00e3o manual; Separa documentos em lotes. De 2200 documentos por minuto; Peso: 7 kg; Dimens\u00f5es: 22 cm X 29cm X 33 cm (AxLxP); Display Luminoso Produto 100% Nacional Melhor rela\u00e7\u00e3o custo x benef\u00edcio do mercado<\/p>\n","protected":false},"author":1,"featured_media":0,"parent":0,"menu_order":0,"comment_status":"closed","ping_status":"closed","template":"","meta":[],"_links":{"self":[{"href":"https:\/\/cromag.com.br\/index.php?rest_route=\/wp\/v2\/pages\/263"}],"collection":[{"href":"https:\/\/cromag.com.br\/index.php?rest_route=\/wp\/v2\/pages"}],"about":[{"href":"https:\/\/cromag.com.br\/index.php?rest_route=\/wp\/v2\/types\/page"}],"author":[{"embeddable":true,"href":"https:\/\/cromag.com.br\/index.php?rest_route=\/wp\/v2\/users\/1"}],"replies":[{"embeddable":true,"href":"https:\/\/cromag.com.br\/index.php?rest_route=%2Fwp%2Fv2%2Fcomments&post=263"}],"version-history":[{"count":4,"href":"https:\/\/cromag.com.br\/index.php?rest_route=\/wp\/v2\/pages\/263\/revisions"}],"predecessor-version":[{"id":456,"href":"https:\/\/cromag.com.br\/index.php?rest_route=\/wp\/v2\/pages\/263\/revisions\/456"}],"wp:attachment":[{"href":"https:\/\/cromag.com.br\/index.php?rest_route=%2Fwp%2Fv2%2Fmedia&parent=263"}],"curies":[{"name":"wp","href":"https:\/\/api.w.org\/{rel}","templated":true}]}}