{"id":240,"date":"2021-06-28T14:35:13","date_gmt":"2021-06-28T17:35:13","guid":{"rendered":"http:\/\/cromag.com.br\/?page_id=240"},"modified":"2023-01-11T11:39:26","modified_gmt":"2023-01-11T14:39:26","slug":"maquinas-de-costura-de-retalhos","status":"publish","type":"page","link":"https:\/\/cromag.com.br\/?page_id=240","title":{"rendered":"M\u00e1quinas de Costura de Retalhos"},"content":{"rendered":"<div id=\"pl-240\"  class=\"panel-layout\" ><div id=\"pg-240-0\"  class=\"panel-grid panel-no-style\" ><div id=\"pgc-240-0-0\"  class=\"panel-grid-cell\" ><div id=\"panel-240-0-0-0\" class=\"so-panel widget widget_sow-editor panel-first-child\" data-index=\"0\" ><div class=\"so-widget-sow-editor so-widget-sow-editor-base\">\n<div class=\"siteorigin-widget-tinymce textwidget\">\n\t<span class=\"\" style=\"display:block;clear:both;height: 0px;padding-top: 30px;border-top-width:0px;border-bottom-width:0px;\"><\/span>\n<\/div>\n<\/div><\/div><div id=\"panel-240-0-0-1\" class=\"so-panel widget widget_sow-headline panel-last-child\" data-index=\"1\" ><div class=\"so-widget-sow-headline so-widget-sow-headline-default-f2f025d10fff-240\"><div class=\"sow-headline-container \">\n\t<h1 class='sow-headline'>M\u00c1QUINAS DE COSTURA DE RETALHOS<\/h1>\t\t\t\t\t<div class=\"decoration\">\n\t\t\t\t\t\t<div class=\"decoration-inside\"><\/div>\n\t\t\t\t\t<\/div>\n\t\t\t\t\t<\/div><\/div><\/div><\/div><\/div><div id=\"pg-240-1\"  class=\"panel-grid panel-no-style\" ><div id=\"pgc-240-1-0\"  class=\"panel-grid-cell\" ><div id=\"panel-240-1-0-0\" class=\"so-panel widget widget_sow-editor panel-first-child\" data-index=\"2\" ><div class=\"so-widget-sow-editor so-widget-sow-editor-base\"><h3 class=\"widget-title\">Caracter\u00edsticas t\u00e9cnicas<\/h3>\n<div class=\"siteorigin-widget-tinymce textwidget\">\n\t<div class=\"siteorigin-widget-tinymce textwidget\">\n<p>M\u00e1quina de Costura de Retalhos (Pastel\u00e3o)<br \/>\nCostura 700 kg em 8 horas<br \/>\nBatedor para separa panos<br \/>\n7 agulhas<br \/>\nM\u00e1quina de corte<br \/>\nBalan\u00e7a digital<br \/>\nProduto 100% nacional.<\/p>\n<\/div>\n<\/div>\n<\/div><\/div><div id=\"panel-240-1-0-1\" class=\"so-panel widget widget_sow-button\" data-index=\"3\" ><div class=\"so-widget-sow-button so-widget-sow-button-atom-26d68955a680-240\"><div class=\"ow-button-base ow-button-align-left\">\n\t<a href=\"https:\/\/cromag.com.br\/?page_id=130\" class=\"ow-icon-placement-left ow-button-hover\" \t\t>\n\t\t<span>\n\t\t\t\n\t\t\tFale Conosco\t\t<\/span>\n\t<\/a>\n<\/div>\n<\/div><\/div><div id=\"panel-240-1-0-2\" class=\"so-panel widget widget_sow-editor panel-last-child\" data-index=\"4\" ><div class=\"so-widget-sow-editor so-widget-sow-editor-base\">\n<div class=\"siteorigin-widget-tinymce textwidget\">\n\t<p><a href=\"https:\/\/api.whatsapp.com\/send?l=pt&amp;phone=5511956493044\"><img style=\"height: 80px; position: fixed; bottom: 65px; right: 25px; z-index: 100;\" src=\"http:\/\/localhost\/igs\/wp-content\/uploads\/2018\/10\/whats.png\" data-selector=\"img\"><\/a><\/p>\n<\/div>\n<\/div><\/div><\/div><div id=\"pgc-240-1-1\"  class=\"panel-grid-cell\" ><div id=\"panel-240-1-1-0\" class=\"so-panel widget widget_media_video panel-first-child panel-last-child\" data-index=\"5\" ><div style=\"width:100%;\" class=\"wp-video\"><!--[if lt IE 9]><script>document.createElement('video');<\/script><![endif]-->\n<video class=\"wp-video-shortcode\" id=\"video-240-1\" preload=\"metadata\" controls=\"controls\"><source type=\"video\/youtube\" src=\"https:\/\/youtu.be\/XgqXOcWTEPU?_=1\" \/><a href=\"https:\/\/youtu.be\/XgqXOcWTEPU\">https:\/\/youtu.be\/XgqXOcWTEPU<\/a><\/video><\/div><\/div><\/div><\/div><div id=\"pg-240-2\"  class=\"panel-grid panel-no-style\" ><div id=\"pgc-240-2-0\"  class=\"panel-grid-cell\" ><div id=\"panel-240-2-0-0\" class=\"so-panel widget widget_sow-image panel-first-child panel-last-child\" data-index=\"6\" ><div class=\"so-widget-sow-image so-widget-sow-image-default-6b88c04c1f9b-240\">\n\n<div class=\"sow-image-container\">\n\t<img src=\"https:\/\/cromag.com.br\/wp-content\/uploads\/2021\/06\/MAQUINA-COSTURA-1024x758-1.png\" width=\"1024\" height=\"758\" srcset=\"https:\/\/cromag.com.br\/wp-content\/uploads\/2021\/06\/MAQUINA-COSTURA-1024x758-1.png 1024w, https:\/\/cromag.com.br\/wp-content\/uploads\/2021\/06\/MAQUINA-COSTURA-1024x758-1-300x222.png 300w, https:\/\/cromag.com.br\/wp-content\/uploads\/2021\/06\/MAQUINA-COSTURA-1024x758-1-768x569.png 768w, https:\/\/cromag.com.br\/wp-content\/uploads\/2021\/06\/MAQUINA-COSTURA-1024x758-1-810x600.png 810w, https:\/\/cromag.com.br\/wp-content\/uploads\/2021\/06\/MAQUINA-COSTURA-1024x758-1-560x415.png 560w, https:\/\/cromag.com.br\/wp-content\/uploads\/2021\/06\/MAQUINA-COSTURA-1024x758-1-878x650.png 878w, https:\/\/cromag.com.br\/wp-content\/uploads\/2021\/06\/MAQUINA-COSTURA-1024x758-1-120x90.png 120w\" sizes=\"(max-width: 1024px) 100vw, 1024px\" title=\"MAQUINA-COSTURA-1024&#215;758\" alt=\"\" loading=\"lazy\" \t\tclass=\"so-widget-image\"\/>\n<\/div>\n\n<\/div><\/div><\/div><div id=\"pgc-240-2-1\"  class=\"panel-grid-cell\" ><div id=\"panel-240-2-1-0\" class=\"so-panel widget widget_sow-image panel-first-child panel-last-child\" data-index=\"7\" ><div class=\"so-widget-sow-image so-widget-sow-image-default-6b88c04c1f9b-240\">\n\t<h3 class=\"widget-title\"><\/h3>\n<div class=\"sow-image-container\">\n\t<img src=\"https:\/\/cromag.com.br\/wp-content\/uploads\/2021\/06\/EST_07.jpg\" width=\"450\" height=\"374\" srcset=\"https:\/\/cromag.com.br\/wp-content\/uploads\/2021\/06\/EST_07.jpg 450w, https:\/\/cromag.com.br\/wp-content\/uploads\/2021\/06\/EST_07-300x249.jpg 300w, https:\/\/cromag.com.br\/wp-content\/uploads\/2021\/06\/EST_07-108x90.jpg 108w\" sizes=\"(max-width: 450px) 100vw, 450px\" alt=\"\" loading=\"lazy\" \t\tclass=\"so-widget-image\"\/>\n<\/div>\n\n<\/div><\/div><\/div><div id=\"pgc-240-2-2\"  class=\"panel-grid-cell\" ><div id=\"panel-240-2-2-0\" class=\"so-panel widget widget_sow-image panel-first-child panel-last-child\" data-index=\"8\" ><div class=\"so-widget-sow-image so-widget-sow-image-default-6b88c04c1f9b-240\">\n\t<h3 class=\"widget-title\"><\/h3>\n<div class=\"sow-image-container\">\n\t<img src=\"https:\/\/cromag.com.br\/wp-content\/uploads\/2021\/06\/EST_08.png\" width=\"450\" height=\"374\" srcset=\"https:\/\/cromag.com.br\/wp-content\/uploads\/2021\/06\/EST_08.png 450w, https:\/\/cromag.com.br\/wp-content\/uploads\/2021\/06\/EST_08-300x249.png 300w, https:\/\/cromag.com.br\/wp-content\/uploads\/2021\/06\/EST_08-108x90.png 108w\" sizes=\"(max-width: 450px) 100vw, 450px\" alt=\"\" loading=\"lazy\" \t\tclass=\"so-widget-image\"\/>\n<\/div>\n\n<\/div><\/div><\/div><\/div><\/div>","protected":false},"excerpt":{"rendered":"<p>M\u00e1quina de Costura de Retalhos (Pastel\u00e3o) Costura 700 kg em 8 horas Batedor para separa panos 7 agulhas M\u00e1quina de corte Balan\u00e7a digital Produto 100% nacional.<\/p>\n","protected":false},"author":1,"featured_media":0,"parent":0,"menu_order":0,"comment_status":"closed","ping_status":"closed","template":"","meta":[],"_links":{"self":[{"href":"https:\/\/cromag.com.br\/index.php?rest_route=\/wp\/v2\/pages\/240"}],"collection":[{"href":"https:\/\/cromag.com.br\/index.php?rest_route=\/wp\/v2\/pages"}],"about":[{"href":"https:\/\/cromag.com.br\/index.php?rest_route=\/wp\/v2\/types\/page"}],"author":[{"embeddable":true,"href":"https:\/\/cromag.com.br\/index.php?rest_route=\/wp\/v2\/users\/1"}],"replies":[{"embeddable":true,"href":"https:\/\/cromag.com.br\/index.php?rest_route=%2Fwp%2Fv2%2Fcomments&post=240"}],"version-history":[{"count":6,"href":"https:\/\/cromag.com.br\/index.php?rest_route=\/wp\/v2\/pages\/240\/revisions"}],"predecessor-version":[{"id":388,"href":"https:\/\/cromag.com.br\/index.php?rest_route=\/wp\/v2\/pages\/240\/revisions\/388"}],"wp:attachment":[{"href":"https:\/\/cromag.com.br\/index.php?rest_route=%2Fwp%2Fv2%2Fmedia&parent=240"}],"curies":[{"name":"wp","href":"https:\/\/api.w.org\/{rel}","templated":true}]}}