{"id":209,"date":"2021-06-28T12:14:21","date_gmt":"2021-06-28T15:14:21","guid":{"rendered":"http:\/\/cromag.com.br\/?page_id=209"},"modified":"2021-06-28T12:14:21","modified_gmt":"2021-06-28T15:14:21","slug":"contadora-de-papel-hidrossensivel","status":"publish","type":"page","link":"https:\/\/cromag.com.br\/?page_id=209","title":{"rendered":"Contadora de Papel Hidrossensivel"},"content":{"rendered":"<div id=\"pl-209\"  class=\"panel-layout\" ><div id=\"pg-209-0\"  class=\"panel-grid panel-no-style\" ><div id=\"pgc-209-0-0\"  class=\"panel-grid-cell\" ><div id=\"panel-209-0-0-0\" class=\"so-panel widget widget_sow-editor panel-first-child\" data-index=\"0\" ><div class=\"so-widget-sow-editor so-widget-sow-editor-base\">\n<div class=\"siteorigin-widget-tinymce textwidget\">\n\t<span class=\"\" style=\"display:block;clear:both;height: 0px;padding-top: 30px;border-top-width:0px;border-bottom-width:0px;\"><\/span>\n<\/div>\n<\/div><\/div><div id=\"panel-209-0-0-1\" class=\"so-panel widget widget_sow-headline panel-last-child\" data-index=\"1\" ><div class=\"so-widget-sow-headline so-widget-sow-headline-default-8d8ed0dedf8a-209\"><div class=\"sow-headline-container \">\n\t<h1 class='sow-headline'>CONTADORA DE PAPEL HIDROSSENS\u00cdVEL<\/h1>\t\t\t\t\t<div class=\"decoration\">\n\t\t\t\t\t\t<div class=\"decoration-inside\"><\/div>\n\t\t\t\t\t<\/div>\n\t\t\t\t\t<\/div><\/div><\/div><\/div><\/div><div id=\"pg-209-1\"  class=\"panel-grid panel-no-style\" ><div id=\"pgc-209-1-0\"  class=\"panel-grid-cell\" ><div id=\"panel-209-1-0-0\" class=\"so-panel widget widget_sow-editor panel-first-child\" data-index=\"2\" ><div class=\"so-widget-sow-editor so-widget-sow-editor-base\"><h3 class=\"widget-title\">Caracter\u00edsticas t\u00e9cnicas<\/h3>\n<div class=\"siteorigin-widget-tinymce textwidget\">\n\t<div class=\"siteorigin-widget-tinymce textwidget\">\n\tAlimenta\u00e7\u00e3o: Bi - Volt com sele\u00e7\u00e3o manual;<br \/>\nSepara documentos em lotes.<br \/>\nDe 2200 documentos por minuto;<br \/>\nPeso: 7 kg;<br \/>\nDimens\u00f5es: 22 cm X 29cm X 33 cm (AxLxP);<br \/>\nDisplay Luminoso<br \/>\nProduto 100% Nacional<br \/>\nMelhor rela\u00e7\u00e3o custo x benef\u00edcio do mercado.<\/div>\n<\/div>\n<\/div><\/div><div id=\"panel-209-1-0-1\" class=\"so-panel widget widget_sow-headline\" data-index=\"3\" ><div class=\"so-widget-sow-headline so-widget-sow-headline-default-810ad853b17b-209\"><div class=\"sow-headline-container \">\n\t\t\t\t\t\t<div class=\"decoration\">\n\t\t\t\t\t\t<div class=\"decoration-inside\"><\/div>\n\t\t\t\t\t<\/div>\n\t\t\t\t\t<\/div><\/div><\/div><div id=\"panel-209-1-0-2\" class=\"so-panel widget widget_sow-button panel-last-child\" data-index=\"4\" ><div class=\"so-widget-sow-button so-widget-sow-button-atom-26d68955a680-209\"><div class=\"ow-button-base ow-button-align-left\">\n\t<a href=\"https:\/\/cromag.com.br\/?page_id=130\" class=\"ow-icon-placement-left ow-button-hover\" \t\t>\n\t\t<span>\n\t\t\t\n\t\t\tSolicite Or\u00e7amento\t\t<\/span>\n\t<\/a>\n<\/div>\n<\/div><\/div><\/div><div id=\"pgc-209-1-1\"  class=\"panel-grid-cell\" ><div id=\"panel-209-1-1-0\" class=\"so-panel widget widget_media_video panel-first-child panel-last-child\" data-index=\"5\" ><div style=\"width:100%;\" class=\"wp-video\"><!--[if lt IE 9]><script>document.createElement('video');<\/script><![endif]-->\n<video class=\"wp-video-shortcode\" id=\"video-209-1\" preload=\"metadata\" controls=\"controls\"><source type=\"video\/youtube\" src=\"https:\/\/youtu.be\/nkOHaVoT2OM?_=1\" \/><a href=\"https:\/\/youtu.be\/nkOHaVoT2OM\">https:\/\/youtu.be\/nkOHaVoT2OM<\/a><\/video><\/div><\/div><\/div><\/div><\/div>","protected":false},"excerpt":{"rendered":"<p>Alimenta\u00e7\u00e3o: Bi &#8211; Volt com sele\u00e7\u00e3o manual; Separa documentos em lotes. De 2200 documentos por minuto; Peso: 7 kg; Dimens\u00f5es: 22 cm X 29cm X 33 cm (AxLxP); Display Luminoso Produto 100% Nacional Melhor rela\u00e7\u00e3o custo x benef\u00edcio do mercado.<\/p>\n","protected":false},"author":1,"featured_media":0,"parent":0,"menu_order":0,"comment_status":"closed","ping_status":"closed","template":"","meta":[],"_links":{"self":[{"href":"https:\/\/cromag.com.br\/index.php?rest_route=\/wp\/v2\/pages\/209"}],"collection":[{"href":"https:\/\/cromag.com.br\/index.php?rest_route=\/wp\/v2\/pages"}],"about":[{"href":"https:\/\/cromag.com.br\/index.php?rest_route=\/wp\/v2\/types\/page"}],"author":[{"embeddable":true,"href":"https:\/\/cromag.com.br\/index.php?rest_route=\/wp\/v2\/users\/1"}],"replies":[{"embeddable":true,"href":"https:\/\/cromag.com.br\/index.php?rest_route=%2Fwp%2Fv2%2Fcomments&post=209"}],"version-history":[{"count":2,"href":"https:\/\/cromag.com.br\/index.php?rest_route=\/wp\/v2\/pages\/209\/revisions"}],"predecessor-version":[{"id":211,"href":"https:\/\/cromag.com.br\/index.php?rest_route=\/wp\/v2\/pages\/209\/revisions\/211"}],"wp:attachment":[{"href":"https:\/\/cromag.com.br\/index.php?rest_route=%2Fwp%2Fv2%2Fmedia&parent=209"}],"curies":[{"name":"wp","href":"https:\/\/api.w.org\/{rel}","templated":true}]}}