{"id":204,"date":"2021-06-28T12:10:42","date_gmt":"2021-06-28T15:10:42","guid":{"rendered":"http:\/\/cromag.com.br\/?page_id=204"},"modified":"2021-06-28T12:10:42","modified_gmt":"2021-06-28T15:10:42","slug":"contadora-de-envelopes","status":"publish","type":"page","link":"https:\/\/cromag.com.br\/?page_id=204","title":{"rendered":"Contadora de Envelopes"},"content":{"rendered":"<div id=\"pl-204\"  class=\"panel-layout\" ><div id=\"pg-204-0\"  class=\"panel-grid panel-no-style\" ><div id=\"pgc-204-0-0\"  class=\"panel-grid-cell\" ><div id=\"panel-204-0-0-0\" class=\"so-panel widget widget_sow-editor panel-first-child\" data-index=\"0\" ><div class=\"so-widget-sow-editor so-widget-sow-editor-base\">\n<div class=\"siteorigin-widget-tinymce textwidget\">\n\t<span class=\"\" style=\"display:block;clear:both;height: 0px;padding-top: 30px;border-top-width:0px;border-bottom-width:0px;\"><\/span>\n<\/div>\n<\/div><\/div><div id=\"panel-204-0-0-1\" class=\"so-panel widget widget_sow-headline panel-last-child\" data-index=\"1\" ><div class=\"so-widget-sow-headline so-widget-sow-headline-default-d21074d0b2f7-204\"><div class=\"sow-headline-container \">\n\t<h1 class='sow-headline'>CONTADORA DE ENVELOPES<\/h1>\t\t\t\t\t<div class=\"decoration\">\n\t\t\t\t\t\t<div class=\"decoration-inside\"><\/div>\n\t\t\t\t\t<\/div>\n\t\t\t\t\t<\/div><\/div><\/div><\/div><\/div><div id=\"pg-204-1\"  class=\"panel-grid panel-no-style\" ><div id=\"pgc-204-1-0\"  class=\"panel-grid-cell\" ><div id=\"panel-204-1-0-0\" class=\"so-panel widget widget_sow-editor panel-first-child\" data-index=\"2\" ><div class=\"so-widget-sow-editor so-widget-sow-editor-base\"><h3 class=\"widget-title\">Caracter\u00edsticas t\u00e9cnicas<\/h3>\n<div class=\"siteorigin-widget-tinymce textwidget\">\n\t<div class=\"siteorigin-widget-tinymce textwidget\">\n<div class=\"siteorigin-widget-tinymce textwidget\">\n<div class=\"siteorigin-widget-tinymce textwidget\">\n<div class=\"siteorigin-widget-tinymce textwidget\">\n<div class=\"siteorigin-widget-tinymce textwidget\">\n<div class=\"siteorigin-widget-tinymce textwidget\">\n<p>Alimenta\u00e7\u00e3o: Bi - Volt com sele\u00e7\u00e3o automatico;<br \/>\nConta 300 documentos por minutos;<br \/>\nSepara documentos em lotes<br \/>\nAjuste de espessura;<br \/>\nMelhor rela\u00e7\u00e3o custo x benef\u00edcio do mercado;<br \/>\nProjetos Customizados<br \/>\nProduto 100% nacional.<\/p>\n<\/div>\n<\/div>\n<\/div>\n<\/div>\n<\/div>\n<\/div>\n<\/div>\n<\/div><\/div><div id=\"panel-204-1-0-1\" class=\"so-panel widget widget_sow-headline\" data-index=\"3\" ><div class=\"so-widget-sow-headline so-widget-sow-headline-default-60fe59926b38-204\"><div class=\"sow-headline-container \">\n\t\t\t\t\t\t<div class=\"decoration\">\n\t\t\t\t\t\t<div class=\"decoration-inside\"><\/div>\n\t\t\t\t\t<\/div>\n\t\t\t\t\t<h3 class='sow-sub-headline'>Consulte o Valor de Loca\u00e7\u00e3o ou Venda<\/h3><\/div><\/div><\/div><div id=\"panel-204-1-0-2\" class=\"so-panel widget widget_sow-button\" data-index=\"4\" ><div class=\"so-widget-sow-button so-widget-sow-button-atom-26d68955a680-204\"><div class=\"ow-button-base ow-button-align-left\">\n\t<a href=\"https:\/\/cromag.com.br\/?page_id=130\" class=\"ow-icon-placement-left ow-button-hover\" \t\t>\n\t\t<span>\n\t\t\t\n\t\t\tFale Conosco\t\t<\/span>\n\t<\/a>\n<\/div>\n<\/div><\/div><div id=\"panel-204-1-0-3\" class=\"so-panel widget widget_sow-editor panel-last-child\" data-index=\"5\" ><div class=\"so-widget-sow-editor so-widget-sow-editor-base\"><h3 class=\"widget-title\">INCLUSO NA LOCA\u00c7\u00c3O<\/h3>\n<div class=\"siteorigin-widget-tinymce textwidget\">\n\t<div class=\"siteorigin-widget-tinymce textwidget\">\n<div class=\"siteorigin-widget-tinymce textwidget\">\n\t- Manuten\u00e7\u00e3o<br \/>\n- Pe\u00e7as de reposi\u00e7\u00e3o<br \/>\n- Atendimento Help-Desk da 8:00 \u00e0s 17:00hs<\/div>\n<\/div>\n<\/div>\n<\/div><\/div><\/div><div id=\"pgc-204-1-1\"  class=\"panel-grid-cell\" ><div id=\"panel-204-1-1-0\" class=\"so-panel widget widget_media_video panel-first-child panel-last-child\" data-index=\"6\" ><div style=\"width:100%;\" class=\"wp-video\"><!--[if lt IE 9]><script>document.createElement('video');<\/script><![endif]-->\n<video class=\"wp-video-shortcode\" id=\"video-204-1\" preload=\"metadata\" controls=\"controls\"><source type=\"video\/youtube\" src=\"https:\/\/youtu.be\/TdDdlF8dpbU?_=1\" \/><a href=\"https:\/\/youtu.be\/TdDdlF8dpbU\">https:\/\/youtu.be\/TdDdlF8dpbU<\/a><\/video><\/div><\/div><\/div><\/div><div id=\"pg-204-2\"  class=\"panel-grid panel-no-style\" ><div id=\"pgc-204-2-0\"  class=\"panel-grid-cell\" ><div id=\"panel-204-2-0-0\" class=\"so-panel widget widget_sow-image panel-first-child panel-last-child\" data-index=\"7\" ><div class=\"so-widget-sow-image so-widget-sow-image-default-6b88c04c1f9b-204\">\n\n<div class=\"sow-image-container\">\n\t<img src=\"https:\/\/cromag.com.br\/wp-content\/uploads\/2021\/06\/MG_6158.png\" width=\"5184\" height=\"3456\" srcset=\"https:\/\/cromag.com.br\/wp-content\/uploads\/2021\/06\/MG_6158.png 5184w, https:\/\/cromag.com.br\/wp-content\/uploads\/2021\/06\/MG_6158-300x200.png 300w, https:\/\/cromag.com.br\/wp-content\/uploads\/2021\/06\/MG_6158-1024x683.png 1024w, https:\/\/cromag.com.br\/wp-content\/uploads\/2021\/06\/MG_6158-768x512.png 768w, https:\/\/cromag.com.br\/wp-content\/uploads\/2021\/06\/MG_6158-1536x1024.png 1536w, https:\/\/cromag.com.br\/wp-content\/uploads\/2021\/06\/MG_6158-2048x1365.png 2048w, https:\/\/cromag.com.br\/wp-content\/uploads\/2021\/06\/MG_6158-810x540.png 810w, https:\/\/cromag.com.br\/wp-content\/uploads\/2021\/06\/MG_6158-560x373.png 560w, https:\/\/cromag.com.br\/wp-content\/uploads\/2021\/06\/MG_6158-975x650.png 975w, https:\/\/cromag.com.br\/wp-content\/uploads\/2021\/06\/MG_6158-120x80.png 120w, https:\/\/cromag.com.br\/wp-content\/uploads\/2021\/06\/MG_6158-272x182.png 272w\" sizes=\"(max-width: 5184px) 100vw, 5184px\" alt=\"\" loading=\"lazy\" \t\tclass=\"so-widget-image\"\/>\n<\/div>\n\n<\/div><\/div><\/div><div id=\"pgc-204-2-1\"  class=\"panel-grid-cell panel-grid-cell-empty panel-grid-cell-mobile-last\" ><\/div><div id=\"pgc-204-2-2\"  class=\"panel-grid-cell panel-grid-cell-empty\" ><\/div><\/div><\/div>","protected":false},"excerpt":{"rendered":"<p>Alimenta\u00e7\u00e3o: Bi &#8211; Volt com sele\u00e7\u00e3o automatico; Conta 300 documentos por minutos; Separa documentos em lotes Ajuste de espessura; Melhor rela\u00e7\u00e3o custo x benef\u00edcio do mercado; Projetos Customizados Produto 100% nacional. &#8211; Manuten\u00e7\u00e3o &#8211; Pe\u00e7as de reposi\u00e7\u00e3o &#8211; Atendimento Help-Desk da 8:00 \u00e0s 17:00hs<\/p>\n","protected":false},"author":1,"featured_media":0,"parent":0,"menu_order":0,"comment_status":"closed","ping_status":"closed","template":"","meta":[],"_links":{"self":[{"href":"https:\/\/cromag.com.br\/index.php?rest_route=\/wp\/v2\/pages\/204"}],"collection":[{"href":"https:\/\/cromag.com.br\/index.php?rest_route=\/wp\/v2\/pages"}],"about":[{"href":"https:\/\/cromag.com.br\/index.php?rest_route=\/wp\/v2\/types\/page"}],"author":[{"embeddable":true,"href":"https:\/\/cromag.com.br\/index.php?rest_route=\/wp\/v2\/users\/1"}],"replies":[{"embeddable":true,"href":"https:\/\/cromag.com.br\/index.php?rest_route=%2Fwp%2Fv2%2Fcomments&post=204"}],"version-history":[{"count":2,"href":"https:\/\/cromag.com.br\/index.php?rest_route=\/wp\/v2\/pages\/204\/revisions"}],"predecessor-version":[{"id":207,"href":"https:\/\/cromag.com.br\/index.php?rest_route=\/wp\/v2\/pages\/204\/revisions\/207"}],"wp:attachment":[{"href":"https:\/\/cromag.com.br\/index.php?rest_route=%2Fwp%2Fv2%2Fmedia&parent=204"}],"curies":[{"name":"wp","href":"https:\/\/api.w.org\/{rel}","templated":true}]}}