{"id":188,"date":"2021-06-28T11:57:45","date_gmt":"2021-06-28T14:57:45","guid":{"rendered":"http:\/\/cromag.com.br\/?page_id=188"},"modified":"2021-06-28T12:00:42","modified_gmt":"2021-06-28T15:00:42","slug":"contadora-de-cartoes-manual","status":"publish","type":"page","link":"https:\/\/cromag.com.br\/?page_id=188","title":{"rendered":"Contadora de Cart\u00f5es Manual"},"content":{"rendered":"<div id=\"pl-188\"  class=\"panel-layout\" ><div id=\"pg-188-0\"  class=\"panel-grid panel-no-style\" ><div id=\"pgc-188-0-0\"  class=\"panel-grid-cell\" ><div id=\"panel-188-0-0-0\" class=\"so-panel widget widget_sow-editor panel-first-child\" data-index=\"0\" ><div class=\"so-widget-sow-editor so-widget-sow-editor-base\">\n<div class=\"siteorigin-widget-tinymce textwidget\">\n\t<span class=\"\" style=\"display:block;clear:both;height: 0px;padding-top: 30px;border-top-width:0px;border-bottom-width:0px;\"><\/span>\n<\/div>\n<\/div><\/div><div id=\"panel-188-0-0-1\" class=\"so-panel widget widget_sow-headline panel-last-child\" data-index=\"1\" ><div class=\"so-widget-sow-headline so-widget-sow-headline-default-f2f025d10fff-188\"><div class=\"sow-headline-container \">\n\t<h1 class='sow-headline'>CONTADORA DE CART\u00d5ES MANUAL<\/h1>\t\t\t\t\t<div class=\"decoration\">\n\t\t\t\t\t\t<div class=\"decoration-inside\"><\/div>\n\t\t\t\t\t<\/div>\n\t\t\t\t\t<\/div><\/div><\/div><\/div><\/div><div id=\"pg-188-1\"  class=\"panel-grid panel-no-style\" ><div id=\"pgc-188-1-0\"  class=\"panel-grid-cell\" ><div id=\"panel-188-1-0-0\" class=\"so-panel widget widget_sow-editor panel-first-child\" data-index=\"2\" ><div class=\"so-widget-sow-editor so-widget-sow-editor-base\"><h3 class=\"widget-title\">Caracter\u00edsticas t\u00e9cnicas<\/h3>\n<div class=\"siteorigin-widget-tinymce textwidget\">\n\t<div class=\"siteorigin-widget-tinymce textwidget\">\n<div class=\"siteorigin-widget-tinymce textwidget\">\n<div class=\"siteorigin-widget-tinymce textwidget\">\n<p>Consumo de Energia: Bateria l\u00edtio 3.6 v\/1600mAh;<br \/>\nPeso: 230 g<br \/>\nDimens\u00f5es: 170mm(C)x68mm(L)x3mm(A).<br \/>\nEspessura do cart\u00e3o para contagem: cart\u00e3o PVC:0.38-1.2mm, cart\u00e3o ABS: 0.5 - 1.2 mm.<br \/>\nTemperatura de trabalho : 10\u00bac ~ 40\u00bac.<br \/>\nUmidade: 30% ~90 %.<br \/>\nQuantidade de contagem por vez 1 ~ 2000 p\u00e7s.<br \/>\nAcumula\u00e7\u00e3o m\u00e1xima : 999,999 p\u00e7s.<br \/>\nGarantia 1 ano.<br \/>\nProduto 100% nacional.<br \/>\nDispon\u00edvel para compra ou loca\u00e7\u00e3o. Consulte-nos!<\/p>\n<\/div>\n<\/div>\n<\/div>\n<\/div>\n<\/div><\/div><div id=\"panel-188-1-0-1\" class=\"so-panel widget widget_sow-button\" data-index=\"3\" ><div class=\"so-widget-sow-button so-widget-sow-button-atom-26d68955a680-188\"><div class=\"ow-button-base ow-button-align-left\">\n\t<a href=\"https:\/\/cromag.com.br\/?page_id=130\" class=\"ow-icon-placement-left ow-button-hover\" \t\t>\n\t\t<span>\n\t\t\t\n\t\t\tFale Conosco\t\t<\/span>\n\t<\/a>\n<\/div>\n<\/div><\/div><div id=\"panel-188-1-0-2\" class=\"so-panel widget widget_sow-editor panel-last-child\" data-index=\"4\" ><div class=\"so-widget-sow-editor so-widget-sow-editor-base\"><h3 class=\"widget-title\">INCLUSO NA LOCA\u00c7\u00c3O<\/h3>\n<div class=\"siteorigin-widget-tinymce textwidget\">\n\t<div class=\"siteorigin-widget-tinymce textwidget\">\n<p>- Manuten\u00e7\u00e3o<br \/>\n- Pe\u00e7as de reposi\u00e7\u00e3o<br \/>\n- Atendimento Help-Desk da 8:00 \u00e0s 17:00hs<a href=\"https:\/\/api.whatsapp.com\/send?l=pt&amp;phone=5511956493044\"><img style=\"height: 80px; position: fixed; bottom: 65px; right: 25px; z-index: 100;\" src=\"http:\/\/localhost\/igs\/wp-content\/uploads\/2018\/10\/whats.png\" data-selector=\"img\"><\/a><\/p>\n<\/div>\n<\/div>\n<\/div><\/div><\/div><div id=\"pgc-188-1-1\"  class=\"panel-grid-cell\" ><div id=\"panel-188-1-1-0\" class=\"so-panel widget widget_media_video panel-first-child panel-last-child\" data-index=\"5\" ><div style=\"width:100%;\" class=\"wp-video\"><!--[if lt IE 9]><script>document.createElement('video');<\/script><![endif]-->\n<video class=\"wp-video-shortcode\" id=\"video-188-1\" preload=\"metadata\" controls=\"controls\"><source type=\"video\/youtube\" src=\"https:\/\/youtu.be\/NWJxQhXFLXo?_=1\" \/><a href=\"https:\/\/youtu.be\/NWJxQhXFLXo\">https:\/\/youtu.be\/NWJxQhXFLXo<\/a><\/video><\/div><\/div><\/div><\/div><div id=\"pg-188-2\"  class=\"panel-grid panel-no-style\" ><div id=\"pgc-188-2-0\"  class=\"panel-grid-cell\" ><div id=\"panel-188-2-0-0\" class=\"so-panel widget widget_sow-image panel-first-child panel-last-child\" data-index=\"6\" ><div class=\"so-widget-sow-image so-widget-sow-image-default-6b88c04c1f9b-188\">\n\n<div class=\"sow-image-container\">\n\t<img src=\"https:\/\/cromag.com.br\/wp-content\/uploads\/2021\/06\/CM_04.png\" width=\"450\" height=\"374\" srcset=\"https:\/\/cromag.com.br\/wp-content\/uploads\/2021\/06\/CM_04.png 450w, https:\/\/cromag.com.br\/wp-content\/uploads\/2021\/06\/CM_04-300x249.png 300w, https:\/\/cromag.com.br\/wp-content\/uploads\/2021\/06\/CM_04-108x90.png 108w\" sizes=\"(max-width: 450px) 100vw, 450px\" alt=\"\" loading=\"lazy\" \t\tclass=\"so-widget-image\"\/>\n<\/div>\n\n<\/div><\/div><\/div><div id=\"pgc-188-2-1\"  class=\"panel-grid-cell\" ><div id=\"panel-188-2-1-0\" class=\"so-panel widget widget_sow-image panel-first-child panel-last-child\" data-index=\"7\" ><div class=\"so-widget-sow-image so-widget-sow-image-default-6b88c04c1f9b-188\">\n\t<h3 class=\"widget-title\"><\/h3>\n<div class=\"sow-image-container\">\n\t<img src=\"https:\/\/cromag.com.br\/wp-content\/uploads\/2021\/06\/CM_05.png\" width=\"450\" height=\"374\" srcset=\"https:\/\/cromag.com.br\/wp-content\/uploads\/2021\/06\/CM_05.png 450w, https:\/\/cromag.com.br\/wp-content\/uploads\/2021\/06\/CM_05-300x249.png 300w, https:\/\/cromag.com.br\/wp-content\/uploads\/2021\/06\/CM_05-108x90.png 108w\" sizes=\"(max-width: 450px) 100vw, 450px\" alt=\"\" loading=\"lazy\" \t\tclass=\"so-widget-image\"\/>\n<\/div>\n\n<\/div><\/div><\/div><div id=\"pgc-188-2-2\"  class=\"panel-grid-cell\" ><div id=\"panel-188-2-2-0\" class=\"so-panel widget widget_sow-image panel-first-child panel-last-child\" data-index=\"8\" ><div class=\"so-widget-sow-image so-widget-sow-image-default-6b88c04c1f9b-188\">\n\t<h3 class=\"widget-title\"><\/h3>\n<div class=\"sow-image-container\">\n\t<img src=\"https:\/\/cromag.com.br\/wp-content\/uploads\/2021\/06\/CM_06.png\" width=\"450\" height=\"374\" srcset=\"https:\/\/cromag.com.br\/wp-content\/uploads\/2021\/06\/CM_06.png 450w, https:\/\/cromag.com.br\/wp-content\/uploads\/2021\/06\/CM_06-300x249.png 300w, https:\/\/cromag.com.br\/wp-content\/uploads\/2021\/06\/CM_06-108x90.png 108w\" sizes=\"(max-width: 450px) 100vw, 450px\" alt=\"\" loading=\"lazy\" \t\tclass=\"so-widget-image\"\/>\n<\/div>\n\n<\/div><\/div><\/div><\/div><\/div>","protected":false},"excerpt":{"rendered":"<p>Consumo de Energia: Bateria l\u00edtio 3.6 v\/1600mAh; Peso: 230 g Dimens\u00f5es: 170mm(C)x68mm(L)x3mm(A). Espessura do cart\u00e3o para contagem: cart\u00e3o PVC:0.38-1.2mm, cart\u00e3o ABS: 0.5 &#8211; 1.2 mm. Temperatura de trabalho : 10\u00bac ~ 40\u00bac. Umidade: 30% ~90 %. Quantidade de contagem por vez 1 ~ 2000 p\u00e7s. Acumula\u00e7\u00e3o m\u00e1xima : 999,999 p\u00e7s. Garantia 1 ano. Produto 100% [&hellip;]<\/p>\n","protected":false},"author":1,"featured_media":0,"parent":0,"menu_order":0,"comment_status":"closed","ping_status":"closed","template":"","meta":[],"_links":{"self":[{"href":"https:\/\/cromag.com.br\/index.php?rest_route=\/wp\/v2\/pages\/188"}],"collection":[{"href":"https:\/\/cromag.com.br\/index.php?rest_route=\/wp\/v2\/pages"}],"about":[{"href":"https:\/\/cromag.com.br\/index.php?rest_route=\/wp\/v2\/types\/page"}],"author":[{"embeddable":true,"href":"https:\/\/cromag.com.br\/index.php?rest_route=\/wp\/v2\/users\/1"}],"replies":[{"embeddable":true,"href":"https:\/\/cromag.com.br\/index.php?rest_route=%2Fwp%2Fv2%2Fcomments&post=188"}],"version-history":[{"count":5,"href":"https:\/\/cromag.com.br\/index.php?rest_route=\/wp\/v2\/pages\/188\/revisions"}],"predecessor-version":[{"id":195,"href":"https:\/\/cromag.com.br\/index.php?rest_route=\/wp\/v2\/pages\/188\/revisions\/195"}],"wp:attachment":[{"href":"https:\/\/cromag.com.br\/index.php?rest_route=%2Fwp%2Fv2%2Fmedia&parent=188"}],"curies":[{"name":"wp","href":"https:\/\/api.w.org\/{rel}","templated":true}]}}