{"id":179,"date":"2021-06-28T11:48:06","date_gmt":"2021-06-28T14:48:06","guid":{"rendered":"http:\/\/cromag.com.br\/?page_id=179"},"modified":"2021-06-28T11:50:00","modified_gmt":"2021-06-28T14:50:00","slug":"contadora-com-leitor-codigo-de-barras","status":"publish","type":"page","link":"https:\/\/cromag.com.br\/?page_id=179","title":{"rendered":"Contadora com Leitor C\u00f3digo de Barras"},"content":{"rendered":"<div id=\"pl-179\"  class=\"panel-layout\" ><div id=\"pg-179-0\"  class=\"panel-grid panel-no-style\" ><div id=\"pgc-179-0-0\"  class=\"panel-grid-cell\" ><div id=\"panel-179-0-0-0\" class=\"so-panel widget widget_sow-editor panel-first-child\" data-index=\"0\" ><div class=\"so-widget-sow-editor so-widget-sow-editor-base\">\n<div class=\"siteorigin-widget-tinymce textwidget\">\n\t<span class=\"\" style=\"display:block;clear:both;height: 0px;padding-top: 30px;border-top-width:0px;border-bottom-width:0px;\"><\/span>\n<\/div>\n<\/div><\/div><div id=\"panel-179-0-0-1\" class=\"so-panel widget widget_sow-headline panel-last-child\" data-index=\"1\" ><div class=\"so-widget-sow-headline so-widget-sow-headline-default-d21074d0b2f7-179\"><div class=\"sow-headline-container \">\n\t<h1 class='sow-headline'>CONTADORA E  LEITORA DE  C\u00d3DIGO DE BARRAS<\/h1>\t\t\t\t\t<div class=\"decoration\">\n\t\t\t\t\t\t<div class=\"decoration-inside\"><\/div>\n\t\t\t\t\t<\/div>\n\t\t\t\t\t<h3 class='sow-sub-headline'>CERTIFICADO DE CONTRIBUI\u00c7\u00c3O<\/h3><\/div><\/div><\/div><\/div><\/div><div id=\"pg-179-1\"  class=\"panel-grid panel-no-style\" ><div id=\"pgc-179-1-0\"  class=\"panel-grid-cell\" ><div id=\"panel-179-1-0-0\" class=\"so-panel widget widget_sow-editor panel-first-child\" data-index=\"2\" ><div class=\"so-widget-sow-editor so-widget-sow-editor-base\"><h3 class=\"widget-title\">Caracter\u00edsticas t\u00e9cnicas<\/h3>\n<div class=\"siteorigin-widget-tinymce textwidget\">\n\t<div class=\"siteorigin-widget-tinymce textwidget\">\n<div class=\"siteorigin-widget-tinymce textwidget\">\n<div class=\"siteorigin-widget-tinymce textwidget\">\n<div class=\"siteorigin-widget-tinymce textwidget\">\n<div class=\"siteorigin-widget-tinymce textwidget\">\n<p>Alimenta\u00e7\u00e3o: Bi - Volt com sele\u00e7\u00e3o automatico;<br \/>\nConta e L\u00ea C\u00f3digo de barras m\u00e9dia de 250 a 350 documentos por minutos;<br \/>\nSepara documentos em lotes<br \/>\nAjuste de espessura;<br \/>\nMelhor rela\u00e7\u00e3o custo x benef\u00edcio do mercado;<br \/>\nProjetos Customizados<br \/>\nProduto 100% nacional.<\/p>\n<\/div>\n<\/div>\n<\/div>\n<\/div>\n<\/div>\n<\/div>\n<\/div><\/div><div id=\"panel-179-1-0-1\" class=\"so-panel widget widget_sow-headline\" data-index=\"3\" ><div class=\"so-widget-sow-headline so-widget-sow-headline-default-60fe59926b38-179\"><div class=\"sow-headline-container \">\n\t\t\t\t\t\t<div class=\"decoration\">\n\t\t\t\t\t\t<div class=\"decoration-inside\"><\/div>\n\t\t\t\t\t<\/div>\n\t\t\t\t\t<h3 class='sow-sub-headline'>Consulte o Valor de Loca\u00e7\u00e3o ou Venda<\/h3><\/div><\/div><\/div><div id=\"panel-179-1-0-2\" class=\"so-panel widget widget_sow-button\" data-index=\"4\" ><div class=\"so-widget-sow-button so-widget-sow-button-atom-26d68955a680-179\"><div class=\"ow-button-base ow-button-align-left\">\n\t<a href=\"https:\/\/cromag.com.br\/?page_id=130\" class=\"ow-icon-placement-left ow-button-hover\" \t\t>\n\t\t<span>\n\t\t\t\n\t\t\tFale Conosco\t\t<\/span>\n\t<\/a>\n<\/div>\n<\/div><\/div><div id=\"panel-179-1-0-3\" class=\"so-panel widget widget_sow-editor panel-last-child\" data-index=\"5\" ><div class=\"so-widget-sow-editor so-widget-sow-editor-base\"><h3 class=\"widget-title\">INCLUSO NA LOCA\u00c7\u00c3O<\/h3>\n<div class=\"siteorigin-widget-tinymce textwidget\">\n\t<div class=\"siteorigin-widget-tinymce textwidget\">\n\t- Manuten\u00e7\u00e3o<br \/>\n- Pe\u00e7as de reposi\u00e7\u00e3o<br \/>\n- Atendimento Help-Desk da 8:00 \u00e0s 17:00hs<\/div>\n<\/div>\n<\/div><\/div><\/div><div id=\"pgc-179-1-1\"  class=\"panel-grid-cell\" ><div id=\"panel-179-1-1-0\" class=\"so-panel widget widget_media_video panel-first-child panel-last-child\" data-index=\"6\" ><div style=\"width:100%;\" class=\"wp-video\"><!--[if lt IE 9]><script>document.createElement('video');<\/script><![endif]-->\n<video class=\"wp-video-shortcode\" id=\"video-179-1\" preload=\"metadata\" controls=\"controls\"><source type=\"video\/youtube\" src=\"https:\/\/youtu.be\/RS5LXOQtesw?_=1\" \/><a href=\"https:\/\/youtu.be\/RS5LXOQtesw\">https:\/\/youtu.be\/RS5LXOQtesw<\/a><\/video><\/div><\/div><\/div><\/div><div id=\"pg-179-2\"  class=\"panel-grid panel-no-style\" ><div id=\"pgc-179-2-0\"  class=\"panel-grid-cell\" ><div id=\"panel-179-2-0-0\" class=\"so-panel widget widget_sow-image panel-first-child panel-last-child\" data-index=\"7\" ><div class=\"so-widget-sow-image so-widget-sow-image-default-6b88c04c1f9b-179\">\n\n<div class=\"sow-image-container\">\n\t<img src=\"https:\/\/cromag.com.br\/wp-content\/uploads\/2021\/06\/Cod.-barras-titolo_cap1-1.png\" width=\"450\" height=\"374\" srcset=\"https:\/\/cromag.com.br\/wp-content\/uploads\/2021\/06\/Cod.-barras-titolo_cap1-1.png 450w, https:\/\/cromag.com.br\/wp-content\/uploads\/2021\/06\/Cod.-barras-titolo_cap1-1-300x249.png 300w, https:\/\/cromag.com.br\/wp-content\/uploads\/2021\/06\/Cod.-barras-titolo_cap1-1-108x90.png 108w\" sizes=\"(max-width: 450px) 100vw, 450px\" title=\"Cod.-barras-titolo_cap1\" alt=\"\" loading=\"lazy\" \t\tclass=\"so-widget-image\"\/>\n<\/div>\n\n<\/div><\/div><\/div><div id=\"pgc-179-2-1\"  class=\"panel-grid-cell panel-grid-cell-empty panel-grid-cell-mobile-last\" ><\/div><div id=\"pgc-179-2-2\"  class=\"panel-grid-cell panel-grid-cell-empty\" ><\/div><\/div><\/div>","protected":false},"excerpt":{"rendered":"<p>Alimenta\u00e7\u00e3o: Bi &#8211; Volt com sele\u00e7\u00e3o automatico; Conta e L\u00ea C\u00f3digo de barras m\u00e9dia de 250 a 350 documentos por minutos; Separa documentos em lotes Ajuste de espessura; Melhor rela\u00e7\u00e3o custo x benef\u00edcio do mercado; Projetos Customizados Produto 100% nacional. &#8211; Manuten\u00e7\u00e3o &#8211; Pe\u00e7as de reposi\u00e7\u00e3o &#8211; Atendimento Help-Desk da 8:00 \u00e0s 17:00hs<\/p>\n","protected":false},"author":1,"featured_media":0,"parent":0,"menu_order":0,"comment_status":"closed","ping_status":"closed","template":"","meta":[],"_links":{"self":[{"href":"https:\/\/cromag.com.br\/index.php?rest_route=\/wp\/v2\/pages\/179"}],"collection":[{"href":"https:\/\/cromag.com.br\/index.php?rest_route=\/wp\/v2\/pages"}],"about":[{"href":"https:\/\/cromag.com.br\/index.php?rest_route=\/wp\/v2\/types\/page"}],"author":[{"embeddable":true,"href":"https:\/\/cromag.com.br\/index.php?rest_route=\/wp\/v2\/users\/1"}],"replies":[{"embeddable":true,"href":"https:\/\/cromag.com.br\/index.php?rest_route=%2Fwp%2Fv2%2Fcomments&post=179"}],"version-history":[{"count":4,"href":"https:\/\/cromag.com.br\/index.php?rest_route=\/wp\/v2\/pages\/179\/revisions"}],"predecessor-version":[{"id":184,"href":"https:\/\/cromag.com.br\/index.php?rest_route=\/wp\/v2\/pages\/179\/revisions\/184"}],"wp:attachment":[{"href":"https:\/\/cromag.com.br\/index.php?rest_route=%2Fwp%2Fv2%2Fmedia&parent=179"}],"curies":[{"name":"wp","href":"https:\/\/api.w.org\/{rel}","templated":true}]}}