{"id":156,"date":"2021-06-28T11:31:28","date_gmt":"2021-06-28T14:31:28","guid":{"rendered":"http:\/\/cromag.com.br\/?page_id=156"},"modified":"2021-06-28T11:36:49","modified_gmt":"2021-06-28T14:36:49","slug":"contadora-cartoes-espelhada","status":"publish","type":"page","link":"https:\/\/cromag.com.br\/?page_id=156","title":{"rendered":"Contadora Cart\u00f5es Espelhada"},"content":{"rendered":"<div id=\"pl-156\"  class=\"panel-layout\" ><div id=\"pg-156-0\"  class=\"panel-grid panel-no-style\" ><div id=\"pgc-156-0-0\"  class=\"panel-grid-cell\" ><div id=\"panel-156-0-0-0\" class=\"so-panel widget widget_sow-editor panel-first-child\" data-index=\"0\" ><div class=\"so-widget-sow-editor so-widget-sow-editor-base\">\n<div class=\"siteorigin-widget-tinymce textwidget\">\n\t<span class=\"\" style=\"display:block;clear:both;height: 0px;padding-top: 30px;border-top-width:0px;border-bottom-width:0px;\"><\/span>\n<\/div>\n<\/div><\/div><div id=\"panel-156-0-0-1\" class=\"so-panel widget widget_sow-headline panel-last-child\" data-index=\"1\" ><div class=\"so-widget-sow-headline so-widget-sow-headline-default-f2f025d10fff-156\"><div class=\"sow-headline-container \">\n\t<h1 class='sow-headline'>CONTADORA CART\u00d5ES ESPELHADA<\/h1>\t\t\t\t\t<div class=\"decoration\">\n\t\t\t\t\t\t<div class=\"decoration-inside\"><\/div>\n\t\t\t\t\t<\/div>\n\t\t\t\t\t<\/div><\/div><\/div><\/div><\/div><div id=\"pg-156-1\"  class=\"panel-grid panel-no-style\" ><div id=\"pgc-156-1-0\"  class=\"panel-grid-cell\" ><div id=\"panel-156-1-0-0\" class=\"so-panel widget widget_sow-editor panel-first-child\" data-index=\"2\" ><div class=\"so-widget-sow-editor so-widget-sow-editor-base\"><h3 class=\"widget-title\">Caracter\u00edsticas t\u00e9cnicas<\/h3>\n<div class=\"siteorigin-widget-tinymce textwidget\">\n\t<div class=\"siteorigin-widget-tinymce textwidget\">\n<div class=\"siteorigin-widget-tinymce textwidget\">\n<div class=\"siteorigin-widget-tinymce textwidget\">\n<p>Velocidade at\u00e9 1600 cart\u00f5es\/minuto;<br \/>\nConta cart\u00f5es transparente e PVC.<br \/>\nSepara documentos em lotes.<br \/>\nAjuste de Espessuras.<br \/>\nFun\u00e7\u00e3o Acumulado.<br \/>\nBivolt 110\/220.<br \/>\nProduto 100% Nacional.<br \/>\nMelhor rela\u00e7\u00e3o custo x benef\u00edcio do mercado.<\/p>\n<\/div>\n<\/div>\n<\/div>\n<\/div>\n<\/div><\/div><div id=\"panel-156-1-0-1\" class=\"so-panel widget widget_sow-button\" data-index=\"3\" ><div class=\"so-widget-sow-button so-widget-sow-button-atom-26d68955a680-156\"><div class=\"ow-button-base ow-button-align-left\">\n\t<a href=\"https:\/\/cromag.com.br\/?page_id=130\" class=\"ow-icon-placement-left ow-button-hover\" \t\t>\n\t\t<span>\n\t\t\t\n\t\t\tSolicite Or\u00e7amento\t\t<\/span>\n\t<\/a>\n<\/div>\n<\/div><\/div><div id=\"panel-156-1-0-2\" class=\"so-panel widget widget_sow-editor panel-last-child\" data-index=\"4\" ><div class=\"so-widget-sow-editor so-widget-sow-editor-base\">\n<div class=\"siteorigin-widget-tinymce textwidget\">\n\t<p><a href=\"https:\/\/api.whatsapp.com\/send?l=pt&amp;phone=5511956493044\"><img style=\"height: 80px; position: fixed; bottom: 65px; right: 25px; z-index: 100;\" src=\"http:\/\/localhost\/igs\/wp-content\/uploads\/2018\/10\/whats.png\" data-selector=\"img\"><\/a><\/p>\n<\/div>\n<\/div><\/div><\/div><div id=\"pgc-156-1-1\"  class=\"panel-grid-cell\" ><div id=\"panel-156-1-1-0\" class=\"so-panel widget widget_media_video panel-first-child panel-last-child\" data-index=\"5\" ><div style=\"width:100%;\" class=\"wp-video\"><!--[if lt IE 9]><script>document.createElement('video');<\/script><![endif]-->\n<video class=\"wp-video-shortcode\" id=\"video-156-1\" preload=\"metadata\" controls=\"controls\"><source type=\"video\/youtube\" src=\"https:\/\/youtu.be\/AYDiLNlIvOg?_=1\" \/><a href=\"https:\/\/youtu.be\/AYDiLNlIvOg\">https:\/\/youtu.be\/AYDiLNlIvOg<\/a><\/video><\/div><\/div><\/div><\/div><div id=\"pg-156-2\"  class=\"panel-grid panel-no-style\" ><div id=\"pgc-156-2-0\"  class=\"panel-grid-cell\" ><div id=\"panel-156-2-0-0\" class=\"so-panel widget widget_sow-image panel-first-child panel-last-child\" data-index=\"6\" ><div class=\"so-widget-sow-image so-widget-sow-image-default-6b88c04c1f9b-156\">\n\n<div class=\"sow-image-container\">\n\t<img src=\"https:\/\/cromag.com.br\/wp-content\/uploads\/2021\/06\/CTE_05-1.png\" width=\"450\" height=\"374\" srcset=\"https:\/\/cromag.com.br\/wp-content\/uploads\/2021\/06\/CTE_05-1.png 450w, https:\/\/cromag.com.br\/wp-content\/uploads\/2021\/06\/CTE_05-1-300x249.png 300w, https:\/\/cromag.com.br\/wp-content\/uploads\/2021\/06\/CTE_05-1-108x90.png 108w\" sizes=\"(max-width: 450px) 100vw, 450px\" title=\"CTE_05\" alt=\"\" loading=\"lazy\" \t\tclass=\"so-widget-image\"\/>\n<\/div>\n\n<\/div><\/div><\/div><div id=\"pgc-156-2-1\"  class=\"panel-grid-cell\" ><div id=\"panel-156-2-1-0\" class=\"so-panel widget widget_sow-image panel-first-child panel-last-child\" data-index=\"7\" ><div class=\"so-widget-sow-image so-widget-sow-image-default-6b88c04c1f9b-156\">\n\t<h3 class=\"widget-title\"><\/h3>\n<div class=\"sow-image-container\">\n\t<img src=\"https:\/\/cromag.com.br\/wp-content\/uploads\/2021\/06\/CTE_02.png\" width=\"450\" height=\"374\" srcset=\"https:\/\/cromag.com.br\/wp-content\/uploads\/2021\/06\/CTE_02.png 450w, https:\/\/cromag.com.br\/wp-content\/uploads\/2021\/06\/CTE_02-300x249.png 300w, https:\/\/cromag.com.br\/wp-content\/uploads\/2021\/06\/CTE_02-108x90.png 108w\" sizes=\"(max-width: 450px) 100vw, 450px\" alt=\"\" loading=\"lazy\" \t\tclass=\"so-widget-image\"\/>\n<\/div>\n\n<\/div><\/div><\/div><div id=\"pgc-156-2-2\"  class=\"panel-grid-cell\" ><div id=\"panel-156-2-2-0\" class=\"so-panel widget widget_sow-image panel-first-child panel-last-child\" data-index=\"8\" ><div class=\"so-widget-sow-image so-widget-sow-image-default-6b88c04c1f9b-156\">\n\t<h3 class=\"widget-title\"><\/h3>\n<div class=\"sow-image-container\">\n\t<img src=\"https:\/\/cromag.com.br\/wp-content\/uploads\/2021\/06\/CTE_03.png\" width=\"450\" height=\"374\" srcset=\"https:\/\/cromag.com.br\/wp-content\/uploads\/2021\/06\/CTE_03.png 450w, https:\/\/cromag.com.br\/wp-content\/uploads\/2021\/06\/CTE_03-300x249.png 300w, https:\/\/cromag.com.br\/wp-content\/uploads\/2021\/06\/CTE_03-108x90.png 108w\" sizes=\"(max-width: 450px) 100vw, 450px\" alt=\"\" loading=\"lazy\" \t\tclass=\"so-widget-image\"\/>\n<\/div>\n\n<\/div><\/div><\/div><\/div><\/div>","protected":false},"excerpt":{"rendered":"<p>Velocidade at\u00e9 1600 cart\u00f5es\/minuto; Conta cart\u00f5es transparente e PVC. Separa documentos em lotes. Ajuste de Espessuras. Fun\u00e7\u00e3o Acumulado. Bivolt 110\/220. Produto 100% Nacional. Melhor rela\u00e7\u00e3o custo x benef\u00edcio do mercado.<\/p>\n","protected":false},"author":1,"featured_media":0,"parent":0,"menu_order":0,"comment_status":"closed","ping_status":"closed","template":"","meta":[],"_links":{"self":[{"href":"https:\/\/cromag.com.br\/index.php?rest_route=\/wp\/v2\/pages\/156"}],"collection":[{"href":"https:\/\/cromag.com.br\/index.php?rest_route=\/wp\/v2\/pages"}],"about":[{"href":"https:\/\/cromag.com.br\/index.php?rest_route=\/wp\/v2\/types\/page"}],"author":[{"embeddable":true,"href":"https:\/\/cromag.com.br\/index.php?rest_route=\/wp\/v2\/users\/1"}],"replies":[{"embeddable":true,"href":"https:\/\/cromag.com.br\/index.php?rest_route=%2Fwp%2Fv2%2Fcomments&post=156"}],"version-history":[{"count":7,"href":"https:\/\/cromag.com.br\/index.php?rest_route=\/wp\/v2\/pages\/156\/revisions"}],"predecessor-version":[{"id":166,"href":"https:\/\/cromag.com.br\/index.php?rest_route=\/wp\/v2\/pages\/156\/revisions\/166"}],"wp:attachment":[{"href":"https:\/\/cromag.com.br\/index.php?rest_route=%2Fwp%2Fv2%2Fmedia&parent=156"}],"curies":[{"name":"wp","href":"https:\/\/api.w.org\/{rel}","templated":true}]}}