{"id":5,"date":"2021-07-12T09:15:20","date_gmt":"2021-07-12T12:15:20","guid":{"rendered":"http:\/\/cromag.com.br\/spa\/?page_id=5"},"modified":"2021-07-12T10:56:01","modified_gmt":"2021-07-12T13:56:01","slug":"home","status":"publish","type":"page","link":"http:\/\/cromag.com.br\/spa\/","title":{"rendered":"Home"},"content":{"rendered":"<div id=\"pl-5\"  class=\"panel-layout\" ><div id=\"pg-5-0\"  class=\"panel-grid panel-has-style\" ><div class=\"siteorigin-panels-stretch panel-row-style panel-row-style-for-5-0\" data-stretch-type=\"full\" ><div id=\"pgc-5-0-0\"  class=\"panel-grid-cell\" ><div id=\"panel-5-0-0-0\" class=\"so-panel widget widget_sow-editor panel-first-child\" data-index=\"0\" ><div class=\"so-widget-sow-editor so-widget-sow-editor-base\">\n<div class=\"siteorigin-widget-tinymce textwidget\">\n\t<span class=\"\" style=\"display:block;clear:both;height: 0px;padding-top: 50px;border-top-width:0px;border-bottom-width:0px;\"><\/span>\n<\/div>\n<\/div><\/div><div id=\"panel-5-0-0-1\" class=\"so-panel widget widget_sow-headline\" data-index=\"1\" ><div class=\"so-widget-sow-headline so-widget-sow-headline-default-9f58bc4a4444-5\"><div class=\"sow-headline-container \">\n\t<h1 class='sow-headline'> MAQUINAS PARA AUTOMATIZACION<\/h1><h5 class='sow-sub-headline'> Las m\u00e1quinas contadoras Cromag est\u00e1n preparadas para atender los m\u00e1s variados segmentos, creando soluciones a medida.<\/h5><\/div><\/div><\/div><div id=\"panel-5-0-0-2\" class=\"so-panel widget widget_sow-editor panel-last-child\" data-index=\"2\" ><div class=\"so-widget-sow-editor so-widget-sow-editor-base\">\n<div class=\"siteorigin-widget-tinymce textwidget\">\n\t<span class=\"\" style=\"display:block;clear:both;height: 0px;padding-top: 50px;border-top-width:0px;border-bottom-width:0px;\"><\/span>\n<\/div>\n<\/div><\/div><\/div><\/div><\/div><div id=\"pg-5-1\"  class=\"panel-grid panel-no-style\" ><div id=\"pgc-5-1-0\"  class=\"panel-grid-cell\" ><div id=\"panel-5-1-0-0\" class=\"so-panel widget widget_media_image panel-first-child\" data-index=\"3\" ><img width=\"300\" height=\"249\" src=\"http:\/\/cromag.com.br\/spa\/wp-content\/uploads\/2021\/07\/CCP_03-300x249.png\" class=\"image wp-image-40  attachment-medium size-medium\" alt=\"\" loading=\"lazy\" style=\"max-width: 100%; height: auto;\" srcset=\"http:\/\/cromag.com.br\/spa\/wp-content\/uploads\/2021\/07\/CCP_03-300x249.png 300w, http:\/\/cromag.com.br\/spa\/wp-content\/uploads\/2021\/07\/CCP_03-108x90.png 108w, http:\/\/cromag.com.br\/spa\/wp-content\/uploads\/2021\/07\/CCP_03.png 450w\" sizes=\"(max-width: 300px) 100vw, 300px\" \/><\/div><div id=\"panel-5-1-0-1\" class=\"so-panel widget widget_sow-editor panel-last-child\" data-index=\"4\" ><div class=\"so-widget-sow-editor so-widget-sow-editor-base\">\n<div class=\"siteorigin-widget-tinymce textwidget\">\n\t<h4 style=\"text-align: center;\"><a href=\"http:\/\/cromag.com.br\/?page_id=138\">CONTADORES DE C\u00d3DIGOS DE BARRAS<\/a><\/h4>\n<p>CROMAG M\u00e1quinas para Automation desarrolla contadores que encuentran el n\u00famero ganador a trav\u00e9s del c\u00f3digo de barras del ticket.<\/p>\n<\/div>\n<\/div><\/div><\/div><div id=\"pgc-5-1-1\"  class=\"panel-grid-cell\" ><div id=\"panel-5-1-1-0\" class=\"so-panel widget widget_media_image panel-first-child\" data-index=\"5\" ><img width=\"300\" height=\"249\" src=\"http:\/\/cromag.com.br\/spa\/wp-content\/uploads\/2021\/07\/CD_04-300x249.png\" class=\"image wp-image-41  attachment-medium size-medium\" alt=\"\" loading=\"lazy\" style=\"max-width: 100%; height: auto;\" srcset=\"http:\/\/cromag.com.br\/spa\/wp-content\/uploads\/2021\/07\/CD_04-300x249.png 300w, http:\/\/cromag.com.br\/spa\/wp-content\/uploads\/2021\/07\/CD_04-108x90.png 108w, http:\/\/cromag.com.br\/spa\/wp-content\/uploads\/2021\/07\/CD_04.png 450w\" sizes=\"(max-width: 300px) 100vw, 300px\" \/><\/div><div id=\"panel-5-1-1-1\" class=\"so-panel widget widget_sow-editor panel-last-child\" data-index=\"6\" ><div class=\"so-widget-sow-editor so-widget-sow-editor-base\">\n<div class=\"siteorigin-widget-tinymce textwidget\">\n\t<h4 style=\"text-align: center;\"><a href=\"http:\/\/cromag.com.br\/?page_id=232\">CONTADORES DE TARJETAS<\/a><\/h4>\n<p>Los contadores CROMAG combinan creatividad y conocimiento t\u00e9cnico para garantizar a su empresa una mayor precisi\u00f3n, fiabilidad y optimizaci\u00f3n de los procesos de contaje.<\/p>\n<\/div>\n<\/div><\/div><\/div><div id=\"pgc-5-1-2\"  class=\"panel-grid-cell\" ><div id=\"panel-5-1-2-0\" class=\"so-panel widget widget_media_image panel-first-child\" data-index=\"7\" ><img width=\"300\" height=\"222\" src=\"http:\/\/cromag.com.br\/spa\/wp-content\/uploads\/2021\/07\/CONTADORA_PERSONALIZADA.png\" class=\"image wp-image-42  attachment-505x374 size-505x374\" alt=\"\" loading=\"lazy\" style=\"max-width: 100%; height: auto;\" srcset=\"http:\/\/cromag.com.br\/spa\/wp-content\/uploads\/2021\/07\/CONTADORA_PERSONALIZADA.png 300w, http:\/\/cromag.com.br\/spa\/wp-content\/uploads\/2021\/07\/CONTADORA_PERSONALIZADA-120x90.png 120w\" sizes=\"(max-width: 300px) 100vw, 300px\" \/><\/div><div id=\"panel-5-1-2-1\" class=\"so-panel widget widget_sow-editor panel-last-child\" data-index=\"8\" ><div class=\"so-widget-sow-editor so-widget-sow-editor-base\">\n<div class=\"siteorigin-widget-tinymce textwidget\">\n\t<h4 style=\"text-align: center;\"><a href=\"http:\/\/cromag.com.br\/?page_id=250\">PROYECTOS PERSONALIZADOS<\/a><\/h4>\n<p>A partir de las muestras enviadas por los clientes, buscamos la soluci\u00f3n de contaje m\u00e1s adecuada para el documento y \/ o n\u00famero a contabilizar, reduciendo tiempos y costes para su empresa.<\/p>\n<\/div>\n<\/div><\/div><\/div><\/div><div id=\"pg-5-2\"  class=\"panel-grid panel-has-style\" ><div class=\"siteorigin-panels-stretch panel-row-style panel-row-style-for-5-2\" data-stretch-type=\"full\" ><div id=\"pgc-5-2-0\"  class=\"panel-grid-cell panel-grid-cell-mobile-last\" ><div id=\"panel-5-2-0-0\" class=\"so-panel widget widget_sow-editor panel-first-child\" data-index=\"9\" ><div class=\"so-widget-sow-editor so-widget-sow-editor-base\">\n<div class=\"siteorigin-widget-tinymce textwidget\">\n\t<p>&nbsp;<\/p>\n<h1><span class=\"\" style=\"display:block;clear:both;height: 0px;padding-top: 160px;border-top-width:0px;border-bottom-width:0px;\"><\/span><\/h1>\n<h1><span style=\"color: #ffffff;\"><br \/>\nLOCALIZACI\u00d3N<\/span><\/h1>\n<p><span style=\"color: #ffffff;\">Con un mercado cada vez m\u00e1s din\u00e1mico y actualizado, el servicio de alquiler de m\u00e1quinas trae hoy soluciones para empresas que buscan modernizarse ...<\/span><\/p>\n<\/div>\n<\/div><\/div><div id=\"panel-5-2-0-1\" class=\"so-panel widget widget_sow-button\" data-index=\"10\" ><div class=\"so-widget-sow-button so-widget-sow-button-wire-4fbe61939eb3-5\"><div class=\"ow-button-base ow-button-align-left\">\n\t<a href=\"http:\/\/igs.ind.br\/es\/?page_id=84\" class=\"ow-icon-placement-left\" target=\"_blank\" rel=\"noopener noreferrer\" \t\t>\n\t\t<span>\n\t\t\t\n\t\t\tAPRENDE M\u00c1S\t\t<\/span>\n\t<\/a>\n<\/div>\n<\/div><\/div><div id=\"panel-5-2-0-2\" class=\"so-panel widget widget_sow-editor panel-last-child\" data-index=\"11\" ><div class=\"so-widget-sow-editor so-widget-sow-editor-base\">\n<div class=\"siteorigin-widget-tinymce textwidget\">\n\t<h1><span class=\"\" style=\"display:block;clear:both;height: 0px;padding-top: 50px;border-top-width:0px;border-bottom-width:0px;\"><\/span><\/h1>\n<h1><\/h1>\n<\/div>\n<\/div><\/div><\/div><div id=\"pgc-5-2-1\"  class=\"panel-grid-cell panel-grid-cell-empty\" ><\/div><\/div><\/div><div id=\"pg-5-3\"  class=\"panel-grid panel-has-style\" ><div class=\"panel-row-style panel-row-style-for-5-3\" ><div id=\"pgc-5-3-0\"  class=\"panel-grid-cell\" ><div id=\"panel-5-3-0-0\" class=\"so-panel widget widget_sow-image panel-first-child\" data-index=\"12\" ><div class=\"so-widget-sow-image so-widget-sow-image-default-17bc2272b535-5\">\n\n<div class=\"sow-image-container\">\n\t\t<img src=\"http:\/\/cromag.com.br\/spa\/wp-content\/uploads\/2021\/07\/001-dollar-coin-money-100x100-90x90-1.png\" width=\"90\" height=\"90\" srcset=\"http:\/\/cromag.com.br\/spa\/wp-content\/uploads\/2021\/07\/001-dollar-coin-money-100x100-90x90-1.png 90w, http:\/\/cromag.com.br\/spa\/wp-content\/uploads\/2021\/07\/001-dollar-coin-money-100x100-90x90-1-78x78.png 78w, http:\/\/cromag.com.br\/spa\/wp-content\/uploads\/2021\/07\/001-dollar-coin-money-100x100-90x90-1-50x50.png 50w\" sizes=\"(max-width: 90px) 100vw, 90px\" title=\"001-dollar-coin-money-100&#215;100-90&#215;90\" alt=\"\" loading=\"lazy\" \t\tclass=\"so-widget-image\"\/>\n\t<\/div>\n\n<\/div><\/div><div id=\"panel-5-3-0-1\" class=\"so-panel widget widget_sow-editor panel-last-child\" data-index=\"13\" ><div class=\"so-widget-sow-editor so-widget-sow-editor-base\">\n<div class=\"siteorigin-widget-tinymce textwidget\">\n\t<h3 style=\"text-align: center;\">Los mejores precios<\/h3>\n<p style=\"text-align: center;\">Mejor costo \/ beneficio para el alquiler de equipos.<\/p>\n<\/div>\n<\/div><\/div><\/div><div id=\"pgc-5-3-1\"  class=\"panel-grid-cell\" ><div id=\"panel-5-3-1-0\" class=\"so-panel widget widget_sow-image panel-first-child\" data-index=\"14\" ><div class=\"so-widget-sow-image so-widget-sow-image-default-17bc2272b535-5\">\n\n<div class=\"sow-image-container\">\n\t\t<img src=\"http:\/\/cromag.com.br\/spa\/wp-content\/uploads\/2021\/07\/002-shield-100x100-90x90-1.png\" width=\"90\" height=\"90\" srcset=\"http:\/\/cromag.com.br\/spa\/wp-content\/uploads\/2021\/07\/002-shield-100x100-90x90-1.png 90w, http:\/\/cromag.com.br\/spa\/wp-content\/uploads\/2021\/07\/002-shield-100x100-90x90-1-78x78.png 78w, http:\/\/cromag.com.br\/spa\/wp-content\/uploads\/2021\/07\/002-shield-100x100-90x90-1-50x50.png 50w\" sizes=\"(max-width: 90px) 100vw, 90px\" title=\"002-shield-100&#215;100-90&#215;90\" alt=\"\" loading=\"lazy\" \t\tclass=\"so-widget-image\"\/>\n\t<\/div>\n\n<\/div><\/div><div id=\"panel-5-3-1-1\" class=\"so-panel widget widget_sow-editor panel-last-child\" data-index=\"15\" ><div class=\"so-widget-sow-editor so-widget-sow-editor-base\">\n<div class=\"siteorigin-widget-tinymce textwidget\">\n\t<h3 style=\"text-align: center;\">Atendimiento personalizado<\/h3>\n<p style=\"text-align: center;\">Con soluciones personalizadas para cada cliente, buscamos siempre realizar el mantenimiento, evitando as\u00ed tiempos de parada de la m\u00e1quina por problemas t\u00e9cnicos.<\/p>\n<\/div>\n<\/div><\/div><\/div><div id=\"pgc-5-3-2\"  class=\"panel-grid-cell\" ><div id=\"panel-5-3-2-0\" class=\"so-panel widget widget_sow-image panel-first-child\" data-index=\"16\" ><div class=\"so-widget-sow-image so-widget-sow-image-default-17bc2272b535-5\">\n\n<div class=\"sow-image-container\">\n\t\t<img src=\"http:\/\/cromag.com.br\/spa\/wp-content\/uploads\/2021\/07\/003-call-center-operator-100x100-90x90-1.png\" width=\"90\" height=\"90\" srcset=\"http:\/\/cromag.com.br\/spa\/wp-content\/uploads\/2021\/07\/003-call-center-operator-100x100-90x90-1.png 90w, http:\/\/cromag.com.br\/spa\/wp-content\/uploads\/2021\/07\/003-call-center-operator-100x100-90x90-1-78x78.png 78w, http:\/\/cromag.com.br\/spa\/wp-content\/uploads\/2021\/07\/003-call-center-operator-100x100-90x90-1-50x50.png 50w\" sizes=\"(max-width: 90px) 100vw, 90px\" title=\"003-call-center-operator-100&#215;100-90&#215;90\" alt=\"\" loading=\"lazy\" \t\tclass=\"so-widget-image\"\/>\n\t<\/div>\n\n<\/div><\/div><div id=\"panel-5-3-2-1\" class=\"so-panel widget widget_sow-editor panel-last-child\" data-index=\"17\" ><div class=\"so-widget-sow-editor so-widget-sow-editor-base\">\n<div class=\"siteorigin-widget-tinymce textwidget\">\n\t<h3 style=\"text-align: center;\">Empresa S\u00f3lida<\/h3>\n<p style=\"text-align: center;\">A CROMAG \u00e9 uma empresa reconhecida com mais de 20 anos no mercado de solu\u00e7\u00f5es em diversos seguimentos.<\/p>\n<\/div>\n<\/div><\/div><\/div><\/div><\/div><div id=\"pg-5-4\"  class=\"panel-grid panel-no-style\" ><div id=\"pgc-5-4-0\"  class=\"panel-grid-cell\" ><div id=\"panel-5-4-0-0\" class=\"so-panel widget widget_sow-headline panel-first-child panel-last-child\" data-index=\"18\" ><div class=\"so-widget-sow-headline so-widget-sow-headline-default-f2a470ffcd7e-5\"><div class=\"sow-headline-container \">\n\t\t\t\t\t\t<div class=\"decoration\">\n\t\t\t\t\t\t<div class=\"decoration-inside\"><\/div>\n\t\t\t\t\t<\/div>\n\t\t\t\t\t<\/div><\/div><\/div><\/div><\/div><div id=\"pg-5-5\"  class=\"panel-grid panel-has-style\" ><div class=\"panel-row-style panel-row-style-for-5-5\" ><div id=\"pgc-5-5-0\"  class=\"panel-grid-cell panel-grid-cell-mobile-last\" ><div id=\"panel-5-5-0-0\" class=\"so-panel widget widget_sow-editor panel-first-child\" data-index=\"19\" ><div class=\"so-widget-sow-editor so-widget-sow-editor-base\">\n<div class=\"siteorigin-widget-tinymce textwidget\">\n\t<p>&nbsp;<\/p>\n<h3>ACERCA DE CROMAG<\/h3>\n<p>Operando en el mercado desde hace m\u00e1s de una d\u00e9cada, las principales caracter\u00edsticas de CROMAG son la calidad de sus productos, el servicio personalizado y ser pionero en soluciones de fabricaci\u00f3n para la automatizaci\u00f3n en diversos segmentos del mercado.<br \/>\nCon un equipo altamente calificado, CROMAG es 100% nacional y desarrolla proyectos de acuerdo a las necesidades de cada cliente, combinando creatividad y conocimiento t\u00e9cnico.<\/p>\n<\/div>\n<\/div><\/div><div id=\"panel-5-5-0-1\" class=\"so-panel widget widget_sow-editor panel-last-child\" data-index=\"20\" ><div class=\"so-widget-sow-editor so-widget-sow-editor-base\">\n<div class=\"siteorigin-widget-tinymce textwidget\">\n\t<p>&nbsp;<\/p>\n<h3>NUESTRA MISI\u00d3N<\/h3>\n<p>Trabajando en alianza con nuestros clientes, brindando la optimizaci\u00f3n de sus procesos con productos innovadores, efectivos y personalizados.<\/p>\n<p style=\"text-align: right;\"><a href=\"http:\/\/cromag.com.br\/?page_id=123\">APRENDA M\u00c1S<\/a><\/p>\n<\/div>\n<\/div><\/div><\/div><div id=\"pgc-5-5-1\"  class=\"panel-grid-cell panel-grid-cell-empty\" ><\/div><\/div><\/div><\/div>","protected":false},"excerpt":{"rendered":"<p>CONTADORES DE C\u00d3DIGOS DE BARRAS CROMAG M\u00e1quinas para Automation desarrolla contadores que encuentran el n\u00famero ganador a trav\u00e9s del c\u00f3digo de barras del ticket. CONTADORES DE TARJETAS Los contadores CROMAG combinan creatividad y conocimiento t\u00e9cnico para garantizar a su empresa una mayor precisi\u00f3n, fiabilidad y optimizaci\u00f3n de los procesos de contaje. PROYECTOS PERSONALIZADOS A partir [&hellip;]<\/p>\n","protected":false},"author":1,"featured_media":0,"parent":0,"menu_order":0,"comment_status":"closed","ping_status":"closed","template":"","meta":[],"_links":{"self":[{"href":"http:\/\/cromag.com.br\/spa\/index.php?rest_route=\/wp\/v2\/pages\/5"}],"collection":[{"href":"http:\/\/cromag.com.br\/spa\/index.php?rest_route=\/wp\/v2\/pages"}],"about":[{"href":"http:\/\/cromag.com.br\/spa\/index.php?rest_route=\/wp\/v2\/types\/page"}],"author":[{"embeddable":true,"href":"http:\/\/cromag.com.br\/spa\/index.php?rest_route=\/wp\/v2\/users\/1"}],"replies":[{"embeddable":true,"href":"http:\/\/cromag.com.br\/spa\/index.php?rest_route=%2Fwp%2Fv2%2Fcomments&post=5"}],"version-history":[{"count":40,"href":"http:\/\/cromag.com.br\/spa\/index.php?rest_route=\/wp\/v2\/pages\/5\/revisions"}],"predecessor-version":[{"id":62,"href":"http:\/\/cromag.com.br\/spa\/index.php?rest_route=\/wp\/v2\/pages\/5\/revisions\/62"}],"wp:attachment":[{"href":"http:\/\/cromag.com.br\/spa\/index.php?rest_route=%2Fwp%2Fv2%2Fmedia&parent=5"}],"curies":[{"name":"wp","href":"https:\/\/api.w.org\/{rel}","templated":true}]}}