{"id":133,"date":"2021-07-12T15:44:52","date_gmt":"2021-07-12T18:44:52","guid":{"rendered":"http:\/\/cromag.com.br\/spa\/?page_id=133"},"modified":"2021-07-12T16:44:37","modified_gmt":"2021-07-12T19:44:37","slug":"contador-de-sobres","status":"publish","type":"page","link":"http:\/\/cromag.com.br\/spa\/?page_id=133","title":{"rendered":"Contador de sobres"},"content":{"rendered":"<div id=\"pl-133\"  class=\"panel-layout\" ><div id=\"pg-133-0\"  class=\"panel-grid panel-no-style\" ><div id=\"pgc-133-0-0\"  class=\"panel-grid-cell\" ><div id=\"panel-133-0-0-0\" class=\"so-panel widget widget_sow-editor panel-first-child\" data-index=\"0\" ><div class=\"so-widget-sow-editor so-widget-sow-editor-base\">\n<div class=\"siteorigin-widget-tinymce textwidget\">\n\t<span class=\"\" style=\"display:block;clear:both;height: 0px;padding-top: 30px;border-top-width:0px;border-bottom-width:0px;\"><\/span>\n<\/div>\n<\/div><\/div><div id=\"panel-133-0-0-1\" class=\"so-panel widget widget_sow-headline panel-last-child\" data-index=\"1\" ><div class=\"so-widget-sow-headline so-widget-sow-headline-default-59e9dc0e15f8-133\"><div class=\"sow-headline-container \">\n\t<h1 class='sow-headline'>CONTADOR DE SOBRES<\/h1>\t\t\t\t\t<div class=\"decoration\">\n\t\t\t\t\t\t<div class=\"decoration-inside\"><\/div>\n\t\t\t\t\t<\/div>\n\t\t\t\t\t<\/div><\/div><\/div><\/div><\/div><div id=\"pg-133-1\"  class=\"panel-grid panel-no-style\" ><div id=\"pgc-133-1-0\"  class=\"panel-grid-cell\" ><div id=\"panel-133-1-0-0\" class=\"so-panel widget widget_sow-editor panel-first-child\" data-index=\"2\" ><div class=\"so-widget-sow-editor so-widget-sow-editor-base\"><h3 class=\"widget-title\">Caracteristicas tecnicas<\/h3>\n<div class=\"siteorigin-widget-tinymce textwidget\">\n\t<div class=\"siteorigin-widget-tinymce textwidget\">\n<div class=\"siteorigin-widget-tinymce textwidget\">\n<div class=\"siteorigin-widget-tinymce textwidget\">\n<div class=\"siteorigin-widget-tinymce textwidget\">\n<div class=\"siteorigin-widget-tinymce textwidget\">\n<div class=\"siteorigin-widget-tinymce textwidget\">\n<div class=\"siteorigin-widget-tinymce textwidget\">\n<p>Potencia: Bi - Volt con selecci\u00f3n autom\u00e1tica;<br \/>\nCuente 300 documentos por minuto;<br \/>\nSepare los documentos en lotes<br \/>\nAjuste de espesor;<br \/>\nMejor relaci\u00f3n costo-beneficio del mercado;<br \/>\nProyectos personalizados<\/p>\n<\/div>\n<\/div>\n<\/div>\n<\/div>\n<\/div>\n<\/div>\n<\/div>\n<\/div>\n<\/div><\/div><div id=\"panel-133-1-0-1\" class=\"so-panel widget widget_sow-button panel-last-child\" data-index=\"3\" ><div class=\"so-widget-sow-button so-widget-sow-button-atom-26d68955a680-133\"><div class=\"ow-button-base ow-button-align-left\">\n\t<a href=\"http:\/\/cromag.com.br\/spa\/?p=130\" class=\"ow-icon-placement-left ow-button-hover\" \t\t>\n\t\t<span>\n\t\t\t\n\t\t\tFale Conosco\t\t<\/span>\n\t<\/a>\n<\/div>\n<\/div><\/div><\/div><div id=\"pgc-133-1-1\"  class=\"panel-grid-cell\" ><div id=\"panel-133-1-1-0\" class=\"so-panel widget widget_media_video panel-first-child panel-last-child\" data-index=\"4\" ><div style=\"width:100%;\" class=\"wp-video\"><!--[if lt IE 9]><script>document.createElement('video');<\/script><![endif]-->\n<video class=\"wp-video-shortcode\" id=\"video-133-1\" preload=\"metadata\" controls=\"controls\"><source type=\"video\/youtube\" src=\"https:\/\/youtu.be\/TdDdlF8dpbU?_=1\" \/><a href=\"https:\/\/youtu.be\/TdDdlF8dpbU\">https:\/\/youtu.be\/TdDdlF8dpbU<\/a><\/video><\/div><\/div><\/div><\/div><div id=\"pg-133-2\"  class=\"panel-grid panel-no-style\" ><div id=\"pgc-133-2-0\"  class=\"panel-grid-cell\" ><div id=\"panel-133-2-0-0\" class=\"so-panel widget widget_sow-image panel-first-child panel-last-child\" data-index=\"5\" ><div class=\"so-widget-sow-image so-widget-sow-image-default-6b88c04c1f9b-133\">\n\n<div class=\"sow-image-container\">\n\t\t<img src=\"http:\/\/cromag.com.br\/spa\/wp-content\/uploads\/2021\/07\/MG_6158.png\" width=\"5184\" height=\"3456\" srcset=\"http:\/\/cromag.com.br\/spa\/wp-content\/uploads\/2021\/07\/MG_6158.png 5184w, http:\/\/cromag.com.br\/spa\/wp-content\/uploads\/2021\/07\/MG_6158-300x200.png 300w, http:\/\/cromag.com.br\/spa\/wp-content\/uploads\/2021\/07\/MG_6158-1024x683.png 1024w, http:\/\/cromag.com.br\/spa\/wp-content\/uploads\/2021\/07\/MG_6158-768x512.png 768w, http:\/\/cromag.com.br\/spa\/wp-content\/uploads\/2021\/07\/MG_6158-1536x1024.png 1536w, http:\/\/cromag.com.br\/spa\/wp-content\/uploads\/2021\/07\/MG_6158-2048x1365.png 2048w, http:\/\/cromag.com.br\/spa\/wp-content\/uploads\/2021\/07\/MG_6158-810x540.png 810w, http:\/\/cromag.com.br\/spa\/wp-content\/uploads\/2021\/07\/MG_6158-560x373.png 560w, http:\/\/cromag.com.br\/spa\/wp-content\/uploads\/2021\/07\/MG_6158-975x650.png 975w, http:\/\/cromag.com.br\/spa\/wp-content\/uploads\/2021\/07\/MG_6158-120x80.png 120w, http:\/\/cromag.com.br\/spa\/wp-content\/uploads\/2021\/07\/MG_6158-272x182.png 272w\" sizes=\"(max-width: 5184px) 100vw, 5184px\" alt=\"\" loading=\"lazy\" \t\tclass=\"so-widget-image\"\/>\n\t<\/div>\n\n<\/div><\/div><\/div><div id=\"pgc-133-2-1\"  class=\"panel-grid-cell panel-grid-cell-empty panel-grid-cell-mobile-last\" ><\/div><div id=\"pgc-133-2-2\"  class=\"panel-grid-cell panel-grid-cell-empty\" ><\/div><\/div><\/div>","protected":false},"excerpt":{"rendered":"<p>Potencia: Bi &#8211; Volt con selecci\u00f3n autom\u00e1tica; Cuente 300 documentos por minuto; Separe los documentos en lotes Ajuste de espesor; Mejor relaci\u00f3n costo-beneficio del mercado; Proyectos personalizados<\/p>\n","protected":false},"author":1,"featured_media":0,"parent":0,"menu_order":0,"comment_status":"closed","ping_status":"closed","template":"","meta":[],"_links":{"self":[{"href":"http:\/\/cromag.com.br\/spa\/index.php?rest_route=\/wp\/v2\/pages\/133"}],"collection":[{"href":"http:\/\/cromag.com.br\/spa\/index.php?rest_route=\/wp\/v2\/pages"}],"about":[{"href":"http:\/\/cromag.com.br\/spa\/index.php?rest_route=\/wp\/v2\/types\/page"}],"author":[{"embeddable":true,"href":"http:\/\/cromag.com.br\/spa\/index.php?rest_route=\/wp\/v2\/users\/1"}],"replies":[{"embeddable":true,"href":"http:\/\/cromag.com.br\/spa\/index.php?rest_route=%2Fwp%2Fv2%2Fcomments&post=133"}],"version-history":[{"count":10,"href":"http:\/\/cromag.com.br\/spa\/index.php?rest_route=\/wp\/v2\/pages\/133\/revisions"}],"predecessor-version":[{"id":172,"href":"http:\/\/cromag.com.br\/spa\/index.php?rest_route=\/wp\/v2\/pages\/133\/revisions\/172"}],"wp:attachment":[{"href":"http:\/\/cromag.com.br\/spa\/index.php?rest_route=%2Fwp%2Fv2%2Fmedia&parent=133"}],"curies":[{"name":"wp","href":"https:\/\/api.w.org\/{rel}","templated":true}]}}